{"id":2533,"date":"2023-02-20T09:22:32","date_gmt":"2023-02-20T09:22:32","guid":{"rendered":"https:\/\/afavirgendelcarmen.es\/?page_id=2533"},"modified":"2023-03-20T08:50:55","modified_gmt":"2023-03-20T08:50:55","slug":"transparencia","status":"publish","type":"page","link":"https:\/\/afavirgendelcarmen.es\/va\/afa\/transparencia\/","title":{"rendered":"Transpar\u00e8ncia"},"content":{"rendered":"\t\t<div data-elementor-type=\"wp-page\" data-elementor-id=\"2533\" class=\"elementor elementor-2533\" data-elementor-post-type=\"page\">\n\t\t\t\t\t\t<section class=\"elementor-section elementor-top-section elementor-element elementor-element-9e0d25b elementor-section-boxed elementor-section-height-default elementor-section-height-default\" data-id=\"9e0d25b\" data-element_type=\"section\" data-e-type=\"section\">\n\t\t\t\t\t\t<div class=\"elementor-container elementor-column-gap-default\">\n\t\t\t\t\t<div class=\"elementor-column elementor-col-100 elementor-top-column elementor-element elementor-element-946d42c\" data-id=\"946d42c\" data-element_type=\"column\" data-e-type=\"column\">\n\t\t\t<div class=\"elementor-widget-wrap elementor-element-populated\">\n\t\t\t\t\t\t\t<\/div>\n\t\t<\/div>\n\t\t\t\t\t<\/div>\n\t\t<\/section>\n\t\t\t\t<section class=\"elementor-section elementor-top-section elementor-element elementor-element-3b4dc0c elementor-section-boxed elementor-section-height-default elementor-section-height-default\" data-id=\"3b4dc0c\" data-element_type=\"section\" data-e-type=\"section\">\n\t\t\t\t\t\t<div class=\"elementor-container elementor-column-gap-default\">\n\t\t\t\t\t<div class=\"elementor-column elementor-col-50 elementor-top-column elementor-element elementor-element-f8bf385\" data-id=\"f8bf385\" data-element_type=\"column\" data-e-type=\"column\">\n\t\t\t<div class=\"elementor-widget-wrap elementor-element-populated\">\n\t\t\t\t\t\t<div class=\"elementor-element elementor-element-2cc57b8 elementor-widget elementor-widget-image\" data-id=\"2cc57b8\" data-element_type=\"widget\" data-e-type=\"widget\" data-widget_type=\"image.default\">\n\t\t\t\t<div class=\"elementor-widget-container\">\n\t\t\t\t\t\t\t\t\t\t\t\t\t\t\t<img fetchpriority=\"high\" decoding=\"async\" width=\"1024\" height=\"805\" src=\"https:\/\/afavirgendelcarmen.es\/wp-content\/uploads\/2023\/02\/TRANSPARENCIA-01.jpg\" class=\"attachment-large size-large wp-image-1313\" alt=\"\" srcset=\"https:\/\/afavirgendelcarmen.es\/wp-content\/uploads\/2023\/02\/TRANSPARENCIA-01.jpg 1024w, https:\/\/afavirgendelcarmen.es\/wp-content\/uploads\/2023\/02\/TRANSPARENCIA-01-300x236.jpg 300w, https:\/\/afavirgendelcarmen.es\/wp-content\/uploads\/2023\/02\/TRANSPARENCIA-01-768x604.jpg 768w\" sizes=\"(max-width: 1024px) 100vw, 1024px\" \/>\t\t\t\t\t\t\t\t\t\t\t\t\t\t\t<\/div>\n\t\t\t\t<\/div>\n\t\t\t\t\t<\/div>\n\t\t<\/div>\n\t\t\t\t<div class=\"elementor-column elementor-col-50 elementor-top-column elementor-element elementor-element-b52d8e4\" data-id=\"b52d8e4\" data-element_type=\"column\" data-e-type=\"column\">\n\t\t\t<div class=\"elementor-widget-wrap elementor-element-populated\">\n\t\t\t\t\t\t<div class=\"elementor-element elementor-element-444265b elementor-widget elementor-widget-text-editor\" data-id=\"444265b\" data-element_type=\"widget\" data-e-type=\"widget\" data-widget_type=\"text-editor.default\">\n\t\t\t\t<div class=\"elementor-widget-container\">\n\t\t\t\t\t\t\t\t\t<p style=\"font-weight: 400;\">L&#8217;Associaci\u00f3 vol ser transparent amb els seus associats, i no ocultar cap informaci\u00f3 o dada que puga ser del seu inter\u00e9s, d&#8217;ac\u00ed la import\u00e0ncia que l&#8217;associat puga accedir a la informaci\u00f3 per a efectuar un control i valoraci\u00f3 de la gesti\u00f3 de la Junta Directiva, de l&#8217;Associaci\u00f3 i de la Comunitat Educativa en el seu conjunt.<\/p><p style=\"font-weight: 400;\"><strong>Publicitat de la informaci\u00f3<\/strong><\/p><p style=\"font-weight: 400;\">La informaci\u00f3 rellevant es proporciona de manera peri\u00f2dica i autom\u00e0tica, per mitjans accessibles i de forma ordenada (correu electr\u00f2nic, p\u00e0gina web, Telegram, etc.). En cas d&#8217;afectar dades especialment protegides, es publicar\u00e0 la informaci\u00f3 pr\u00e8via dissociaci\u00f3 d&#8217;aquestes, de manera que no es vulnere ni la Llei de Protecci\u00f3 de Dades de Car\u00e0cter Personal, ni qualsevol altra regulaci\u00f3 vigent en cada moment.<\/p><p style=\"font-weight: 400;\"><strong>Documents p\u00fablics<\/strong><\/p><ol><li style=\"font-weight: 400;\">Estatuts vigents de l&#8217;AMPA.<\/li><li style=\"font-weight: 400;\">Reglament Intern de la Junta Directiva.<\/li><li style=\"font-weight: 400;\">Actes de les Assemblees ordin\u00e0ries i extraordin\u00e0ries.<\/li><li style=\"font-weight: 400;\">Actes de les reunions de la Junta Directiva.<\/li><li style=\"font-weight: 400;\">Composici\u00f3 actualitzada de la Junta Directiva amb fotografia de grup.<\/li><\/ol><p style=\"font-weight: 400;\"><strong>Comptabilitat de l&#8217;Associaci\u00f3<\/strong><\/p><ol><li style=\"font-weight: 400;\">Convenis subscrits, contractes, enc\u00e0rrecs de gesti\u00f3, subvencions i ajudes p\u00fabliques.<\/li><li style=\"font-weight: 400;\">Escrits realitzats per l&#8217;Associaci\u00f3.<\/li><li style=\"font-weight: 400;\">Projectes d&#8217;activitats i les seues corresponents mem\u00f2ries.<\/li><li style=\"font-weight: 400;\">Qualsevol que es considere rellevant per a la Comunitat Educativa.<\/li><\/ol>\t\t\t\t\t\t\t\t<\/div>\n\t\t\t\t<\/div>\n\t\t\t\t\t<\/div>\n\t\t<\/div>\n\t\t\t\t\t<\/div>\n\t\t<\/section>\n\t\t\t\t<\/div>\n\t\t","protected":false},"excerpt":{"rendered":"<p>L&#8217;Associaci\u00f3 vol ser transparent amb els seus associats, i no ocultar cap informaci\u00f3 o dada que puga ser del seu inter\u00e9s, d&#8217;ac\u00ed la import\u00e0ncia que l&#8217;associat puga accedir a la informaci\u00f3 per a efectuar un control i valoraci\u00f3 de la gesti\u00f3 de la Junta Directiva, de l&#8217;Associaci\u00f3 i de la Comunitat Educativa en el seu &hellip;<\/p>\n<p class=\"read-more\"> <a class=\"ast-button\" href=\"https:\/\/afavirgendelcarmen.es\/va\/afa\/transparencia\/\"> <span class=\"screen-reader-text\">Transpar\u00e8ncia<\/span> Read More \u00bb<\/a><\/p>\n","protected":false},"author":1,"featured_media":0,"parent":2320,"menu_order":0,"comment_status":"closed","ping_status":"closed","template":"","meta":{"site-sidebar-layout":"no-sidebar","site-content-layout":"page-builder","ast-global-header-display":"","ast-main-header-display":"","ast-hfb-above-header-display":"","ast-hfb-below-header-display":"","ast-hfb-mobile-header-display":"","site-post-title":"disabled","ast-breadcrumbs-content":"","ast-featured-img":"disabled","footer-sml-layout":"","theme-transparent-header-meta":"default","adv-header-id-meta":"","stick-header-meta":"default","header-above-stick-meta":"","header-main-stick-meta":"","header-below-stick-meta":"","footnotes":""},"class_list":["post-2533","page","type-page","status-publish","hentry"],"_links":{"self":[{"href":"https:\/\/afavirgendelcarmen.es\/va\/wp-json\/wp\/v2\/pages\/2533","targetHints":{"allow":["GET"]}}],"collection":[{"href":"https:\/\/afavirgendelcarmen.es\/va\/wp-json\/wp\/v2\/pages"}],"about":[{"href":"https:\/\/afavirgendelcarmen.es\/va\/wp-json\/wp\/v2\/types\/page"}],"author":[{"embeddable":true,"href":"https:\/\/afavirgendelcarmen.es\/va\/wp-json\/wp\/v2\/users\/1"}],"replies":[{"embeddable":true,"href":"https:\/\/afavirgendelcarmen.es\/va\/wp-json\/wp\/v2\/comments?post=2533"}],"version-history":[{"count":3,"href":"https:\/\/afavirgendelcarmen.es\/va\/wp-json\/wp\/v2\/pages\/2533\/revisions"}],"predecessor-version":[{"id":2541,"href":"https:\/\/afavirgendelcarmen.es\/va\/wp-json\/wp\/v2\/pages\/2533\/revisions\/2541"}],"up":[{"embeddable":true,"href":"https:\/\/afavirgendelcarmen.es\/va\/wp-json\/wp\/v2\/pages\/2320"}],"wp:attachment":[{"href":"https:\/\/afavirgendelcarmen.es\/va\/wp-json\/wp\/v2\/media?parent=2533"}],"curies":[{"name":"wp","href":"https:\/\/api.w.org\/{rel}","templated":true}]}}