{"id":2378,"date":"2023-02-23T12:08:10","date_gmt":"2023-02-23T12:08:10","guid":{"rendered":"https:\/\/afavirgendelcarmen.es\/?page_id=2378"},"modified":"2023-03-15T18:02:13","modified_gmt":"2023-03-15T18:02:13","slug":"projecte-50-50","status":"publish","type":"page","link":"https:\/\/afavirgendelcarmen.es\/va\/projectes\/projecte-50-50\/","title":{"rendered":"Projecte 50\/50"},"content":{"rendered":"\t\t<div data-elementor-type=\"wp-page\" data-elementor-id=\"2378\" class=\"elementor elementor-2378\" data-elementor-post-type=\"page\">\n\t\t\t\t\t\t<section class=\"elementor-section elementor-top-section elementor-element elementor-element-00a1b39 elementor-section-boxed elementor-section-height-default elementor-section-height-default\" data-id=\"00a1b39\" data-element_type=\"section\" data-e-type=\"section\">\n\t\t\t\t\t\t<div class=\"elementor-container elementor-column-gap-default\">\n\t\t\t\t\t<div class=\"elementor-column elementor-col-100 elementor-top-column elementor-element elementor-element-d1c4147\" data-id=\"d1c4147\" data-element_type=\"column\" data-e-type=\"column\">\n\t\t\t<div class=\"elementor-widget-wrap elementor-element-populated\">\n\t\t\t\t\t\t\t<\/div>\n\t\t<\/div>\n\t\t\t\t\t<\/div>\n\t\t<\/section>\n\t\t\t\t<section class=\"elementor-section elementor-top-section elementor-element elementor-element-241c0d1 elementor-section-boxed elementor-section-height-default elementor-section-height-default\" data-id=\"241c0d1\" data-element_type=\"section\" data-e-type=\"section\">\n\t\t\t\t\t\t<div class=\"elementor-container elementor-column-gap-default\">\n\t\t\t\t\t<div class=\"elementor-column elementor-col-50 elementor-top-column elementor-element elementor-element-e4bb68e\" data-id=\"e4bb68e\" data-element_type=\"column\" data-e-type=\"column\">\n\t\t\t<div class=\"elementor-widget-wrap elementor-element-populated\">\n\t\t\t\t\t\t<div class=\"elementor-element elementor-element-663abec elementor-widget elementor-widget-text-editor\" data-id=\"663abec\" data-element_type=\"widget\" data-e-type=\"widget\" data-widget_type=\"text-editor.default\">\n\t\t\t\t<div class=\"elementor-widget-container\">\n\t\t\t\t\t\t\t\t\t<p style=\"font-weight: 400;\">Comen\u00e7a un nou projecte d&#8217;estalvi energ\u00e8tic a l\u2019escola! Es tracta d&#8217;una iniciativa en qu\u00e8 estar\u00e0 implicada tota la comunitat educativa, des dels alumnes i el professorat fins als diferents treballadors del centre, com el personal del menjador, personal de cuina, neteja i manteniment. L&#8217;AMPA tamb\u00e9 forma part d&#8217;aquest projecte que pret\u00e9n conscienciar i fomentar h\u00e0bits m\u00e9s sostenibles amb l&#8217;objectiu d&#8217;aconseguir un \u00fas m\u00e9s eficient de l&#8217;aigua, l&#8217;electricitat i el gas.<\/p><p style=\"font-weight: 400;\">D&#8217;aquesta manera, el 50% dels diners estalviats en aquestes energies s&#8217;invertir\u00e0 en equipament per a l\u2019escola. Aquesta iniciativa est\u00e0 moderada i dirigida per la Dra.Joana Vicente, educadora energ\u00e8tica de la cooperativa AeioLUZ i per 12 agents escolars energ\u00e8tics de 4t, 5\u00e9 i 6\u00e9 de prim\u00e0ria, que impulsaran xicotets, per\u00f2 molt importants, gestos d&#8217;estalvi energ\u00e8tic; com s\u00f3n el tancament de finestres quan s&#8217;encenga la calefacci\u00f3, apagar els llums quan no siguen necessaris i tamb\u00e9 desconnectar els dispositius electr\u00f2nics en acabar les classes, o simplement intentar gastar menys aigua.<\/p><p style=\"font-weight: 400;\">Sens dubte, el projecte 50\/50, impulsat per l&#8217;Ajuntament de l&#8217;Eliana est\u00e0 sent una gran experi\u00e8ncia educativa amb la qual podem posar en valor al medi ambient reduint la contaminaci\u00f3 i impulsant de manera pr\u00e0ctica l&#8217;estalvi energ\u00e8tic.<\/p>\t\t\t\t\t\t\t\t<\/div>\n\t\t\t\t<\/div>\n\t\t\t\t\t<\/div>\n\t\t<\/div>\n\t\t\t\t<div class=\"elementor-column elementor-col-50 elementor-top-column elementor-element elementor-element-0b4c71d\" data-id=\"0b4c71d\" data-element_type=\"column\" data-e-type=\"column\">\n\t\t\t<div class=\"elementor-widget-wrap elementor-element-populated\">\n\t\t\t\t\t\t<div class=\"elementor-element elementor-element-599d918 elementor-widget elementor-widget-image\" data-id=\"599d918\" data-element_type=\"widget\" data-e-type=\"widget\" data-widget_type=\"image.default\">\n\t\t\t\t<div class=\"elementor-widget-container\">\n\t\t\t\t\t\t\t\t\t\t\t\t\t\t\t<img fetchpriority=\"high\" decoding=\"async\" width=\"690\" height=\"1024\" src=\"https:\/\/afavirgendelcarmen.es\/wp-content\/uploads\/2023\/02\/CARTEL-50-690x1024.jpg\" class=\"attachment-large size-large wp-image-753\" alt=\"\" srcset=\"https:\/\/afavirgendelcarmen.es\/wp-content\/uploads\/2023\/02\/CARTEL-50-690x1024.jpg 690w, https:\/\/afavirgendelcarmen.es\/wp-content\/uploads\/2023\/02\/CARTEL-50-202x300.jpg 202w, https:\/\/afavirgendelcarmen.es\/wp-content\/uploads\/2023\/02\/CARTEL-50-768x1140.jpg 768w, https:\/\/afavirgendelcarmen.es\/wp-content\/uploads\/2023\/02\/CARTEL-50.jpg 782w\" sizes=\"(max-width: 690px) 100vw, 690px\" \/>\t\t\t\t\t\t\t\t\t\t\t\t\t\t\t<\/div>\n\t\t\t\t<\/div>\n\t\t\t\t\t<\/div>\n\t\t<\/div>\n\t\t\t\t\t<\/div>\n\t\t<\/section>\n\t\t\t\t<section class=\"elementor-section elementor-top-section elementor-element elementor-element-8571d61 elementor-section-boxed elementor-section-height-default elementor-section-height-default\" data-id=\"8571d61\" data-element_type=\"section\" data-e-type=\"section\">\n\t\t\t\t\t\t<div class=\"elementor-container elementor-column-gap-default\">\n\t\t\t\t\t<div class=\"elementor-column elementor-col-100 elementor-top-column elementor-element elementor-element-df3d80d\" data-id=\"df3d80d\" data-element_type=\"column\" data-e-type=\"column\">\n\t\t\t<div class=\"elementor-widget-wrap elementor-element-populated\">\n\t\t\t\t\t\t<div class=\"elementor-element elementor-element-6033429 elementor-widget elementor-widget-gallery\" data-id=\"6033429\" data-element_type=\"widget\" data-e-type=\"widget\" data-settings=\"{&quot;columns&quot;:2,&quot;image_hover_animation&quot;:&quot;grow&quot;,&quot;lazyload&quot;:&quot;yes&quot;,&quot;gallery_layout&quot;:&quot;grid&quot;,&quot;columns_tablet&quot;:2,&quot;columns_mobile&quot;:1,&quot;gap&quot;:{&quot;unit&quot;:&quot;px&quot;,&quot;size&quot;:10,&quot;sizes&quot;:[]},&quot;gap_tablet&quot;:{&quot;unit&quot;:&quot;px&quot;,&quot;size&quot;:10,&quot;sizes&quot;:[]},&quot;gap_mobile&quot;:{&quot;unit&quot;:&quot;px&quot;,&quot;size&quot;:10,&quot;sizes&quot;:[]},&quot;link_to&quot;:&quot;file&quot;,&quot;aspect_ratio&quot;:&quot;3:2&quot;,&quot;overlay_background&quot;:&quot;yes&quot;,&quot;content_hover_animation&quot;:&quot;fade-in&quot;}\" data-widget_type=\"gallery.default\">\n\t\t\t\t<div class=\"elementor-widget-container\">\n\t\t\t\t\t\t\t<div class=\"elementor-gallery__container\">\n\t\t\t\t\t\t\t<a class=\"e-gallery-item elementor-gallery-item elementor-animated-content\" href=\"https:\/\/afavirgendelcarmen.es\/wp-content\/uploads\/2023\/02\/PROYECTO-50-01.jpeg\" data-elementor-open-lightbox=\"yes\" data-elementor-lightbox-title=\"PROYECTO-50-01\" data-e-action-hash=\"#elementor-action%3Aaction%3Dlightbox%26settings%3DeyJpZCI6NzU0LCJ1cmwiOiJodHRwczpcL1wvYWZhdmlyZ2VuZGVsY2FybWVuLmVzXC93cC1jb250ZW50XC91cGxvYWRzXC8yMDIzXC8wMlwvUFJPWUVDVE8tNTAtMDEuanBlZyJ9\">\n\t\t\t\t\t<div class=\"e-gallery-image elementor-gallery-item__image\" data-thumbnail=\"https:\/\/afavirgendelcarmen.es\/wp-content\/uploads\/2023\/02\/PROYECTO-50-01.jpeg\" data-width=\"1024\" data-height=\"768\" aria-label=\"\" role=\"img\" ><\/div>\n\t\t\t\t\t\t\t\t\t\t\t<div class=\"elementor-gallery-item__overlay\"><\/div>\n\t\t\t\t\t\t\t\t\t\t\t\t\t\t<\/a>\n\t\t\t\t\t\t\t<a class=\"e-gallery-item elementor-gallery-item elementor-animated-content\" href=\"https:\/\/afavirgendelcarmen.es\/wp-content\/uploads\/2023\/02\/PROYECTO-50-02.jpeg\" data-elementor-open-lightbox=\"yes\" data-elementor-lightbox-title=\"PROYECTO-50-02\" data-e-action-hash=\"#elementor-action%3Aaction%3Dlightbox%26settings%3DeyJpZCI6NzU1LCJ1cmwiOiJodHRwczpcL1wvYWZhdmlyZ2VuZGVsY2FybWVuLmVzXC93cC1jb250ZW50XC91cGxvYWRzXC8yMDIzXC8wMlwvUFJPWUVDVE8tNTAtMDIuanBlZyJ9\">\n\t\t\t\t\t<div class=\"e-gallery-image elementor-gallery-item__image\" data-thumbnail=\"https:\/\/afavirgendelcarmen.es\/wp-content\/uploads\/2023\/02\/PROYECTO-50-02.jpeg\" data-width=\"768\" data-height=\"1024\" aria-label=\"\" role=\"img\" ><\/div>\n\t\t\t\t\t\t\t\t\t\t\t<div class=\"elementor-gallery-item__overlay\"><\/div>\n\t\t\t\t\t\t\t\t\t\t\t\t\t\t<\/a>\n\t\t\t\t\t\t\t<a class=\"e-gallery-item elementor-gallery-item elementor-animated-content\" href=\"https:\/\/afavirgendelcarmen.es\/wp-content\/uploads\/2023\/02\/PROYECTO-50-03.jpeg\" data-elementor-open-lightbox=\"yes\" data-elementor-lightbox-title=\"PROYECTO-50-03\" data-e-action-hash=\"#elementor-action%3Aaction%3Dlightbox%26settings%3DeyJpZCI6NzU2LCJ1cmwiOiJodHRwczpcL1wvYWZhdmlyZ2VuZGVsY2FybWVuLmVzXC93cC1jb250ZW50XC91cGxvYWRzXC8yMDIzXC8wMlwvUFJPWUVDVE8tNTAtMDMuanBlZyJ9\">\n\t\t\t\t\t<div class=\"e-gallery-image elementor-gallery-item__image\" data-thumbnail=\"https:\/\/afavirgendelcarmen.es\/wp-content\/uploads\/2023\/02\/PROYECTO-50-03.jpeg\" data-width=\"1024\" data-height=\"768\" aria-label=\"\" role=\"img\" ><\/div>\n\t\t\t\t\t\t\t\t\t\t\t<div class=\"elementor-gallery-item__overlay\"><\/div>\n\t\t\t\t\t\t\t\t\t\t\t\t\t\t<\/a>\n\t\t\t\t\t\t\t<a class=\"e-gallery-item elementor-gallery-item elementor-animated-content\" href=\"https:\/\/afavirgendelcarmen.es\/wp-content\/uploads\/2023\/02\/PROYECTO-50-04.jpeg\" data-elementor-open-lightbox=\"yes\" data-elementor-lightbox-title=\"PROYECTO-50-04\" data-e-action-hash=\"#elementor-action%3Aaction%3Dlightbox%26settings%3DeyJpZCI6NzU3LCJ1cmwiOiJodHRwczpcL1wvYWZhdmlyZ2VuZGVsY2FybWVuLmVzXC93cC1jb250ZW50XC91cGxvYWRzXC8yMDIzXC8wMlwvUFJPWUVDVE8tNTAtMDQuanBlZyJ9\">\n\t\t\t\t\t<div class=\"e-gallery-image elementor-gallery-item__image\" data-thumbnail=\"https:\/\/afavirgendelcarmen.es\/wp-content\/uploads\/2023\/02\/PROYECTO-50-04.jpeg\" data-width=\"1024\" data-height=\"768\" aria-label=\"\" role=\"img\" ><\/div>\n\t\t\t\t\t\t\t\t\t\t\t<div class=\"elementor-gallery-item__overlay\"><\/div>\n\t\t\t\t\t\t\t\t\t\t\t\t\t\t<\/a>\n\t\t\t\t\t\t\t<a class=\"e-gallery-item elementor-gallery-item elementor-animated-content\" href=\"https:\/\/afavirgendelcarmen.es\/wp-content\/uploads\/2023\/02\/PROYECTO-50-05.jpeg\" data-elementor-open-lightbox=\"yes\" data-elementor-lightbox-title=\"PROYECTO-50-05\" data-e-action-hash=\"#elementor-action%3Aaction%3Dlightbox%26settings%3DeyJpZCI6NzU4LCJ1cmwiOiJodHRwczpcL1wvYWZhdmlyZ2VuZGVsY2FybWVuLmVzXC93cC1jb250ZW50XC91cGxvYWRzXC8yMDIzXC8wMlwvUFJPWUVDVE8tNTAtMDUuanBlZyJ9\">\n\t\t\t\t\t<div class=\"e-gallery-image elementor-gallery-item__image\" data-thumbnail=\"https:\/\/afavirgendelcarmen.es\/wp-content\/uploads\/2023\/02\/PROYECTO-50-05.jpeg\" data-width=\"1024\" data-height=\"768\" aria-label=\"\" role=\"img\" ><\/div>\n\t\t\t\t\t\t\t\t\t\t\t<div class=\"elementor-gallery-item__overlay\"><\/div>\n\t\t\t\t\t\t\t\t\t\t\t\t\t\t<\/a>\n\t\t\t\t\t\t\t<a class=\"e-gallery-item elementor-gallery-item elementor-animated-content\" href=\"https:\/\/afavirgendelcarmen.es\/wp-content\/uploads\/2023\/02\/PROYECTO-50-06.jpeg\" data-elementor-open-lightbox=\"yes\" data-elementor-lightbox-title=\"PROYECTO-50-06\" data-e-action-hash=\"#elementor-action%3Aaction%3Dlightbox%26settings%3DeyJpZCI6NzU5LCJ1cmwiOiJodHRwczpcL1wvYWZhdmlyZ2VuZGVsY2FybWVuLmVzXC93cC1jb250ZW50XC91cGxvYWRzXC8yMDIzXC8wMlwvUFJPWUVDVE8tNTAtMDYuanBlZyJ9\">\n\t\t\t\t\t<div class=\"e-gallery-image elementor-gallery-item__image\" data-thumbnail=\"https:\/\/afavirgendelcarmen.es\/wp-content\/uploads\/2023\/02\/PROYECTO-50-06.jpeg\" data-width=\"768\" data-height=\"1024\" aria-label=\"\" role=\"img\" ><\/div>\n\t\t\t\t\t\t\t\t\t\t\t<div class=\"elementor-gallery-item__overlay\"><\/div>\n\t\t\t\t\t\t\t\t\t\t\t\t\t\t<\/a>\n\t\t\t\t\t\t\t<a class=\"e-gallery-item elementor-gallery-item elementor-animated-content\" href=\"https:\/\/afavirgendelcarmen.es\/wp-content\/uploads\/2023\/02\/PROYECTO-50-07.jpeg\" data-elementor-open-lightbox=\"yes\" data-elementor-lightbox-title=\"PROYECTO-50-07\" data-e-action-hash=\"#elementor-action%3Aaction%3Dlightbox%26settings%3DeyJpZCI6NzYwLCJ1cmwiOiJodHRwczpcL1wvYWZhdmlyZ2VuZGVsY2FybWVuLmVzXC93cC1jb250ZW50XC91cGxvYWRzXC8yMDIzXC8wMlwvUFJPWUVDVE8tNTAtMDcuanBlZyJ9\">\n\t\t\t\t\t<div class=\"e-gallery-image elementor-gallery-item__image\" data-thumbnail=\"https:\/\/afavirgendelcarmen.es\/wp-content\/uploads\/2023\/02\/PROYECTO-50-07.jpeg\" data-width=\"1024\" data-height=\"768\" aria-label=\"\" role=\"img\" ><\/div>\n\t\t\t\t\t\t\t\t\t\t\t<div class=\"elementor-gallery-item__overlay\"><\/div>\n\t\t\t\t\t\t\t\t\t\t\t\t\t\t<\/a>\n\t\t\t\t\t<\/div>\n\t\t\t\t\t<\/div>\n\t\t\t\t<\/div>\n\t\t\t\t\t<\/div>\n\t\t<\/div>\n\t\t\t\t\t<\/div>\n\t\t<\/section>\n\t\t\t\t<\/div>\n\t\t","protected":false},"excerpt":{"rendered":"<p>Comen\u00e7a un nou projecte d&#8217;estalvi energ\u00e8tic a l\u2019escola! Es tracta d&#8217;una iniciativa en qu\u00e8 estar\u00e0 implicada tota la comunitat educativa, des dels alumnes i el professorat fins als diferents treballadors del centre, com el personal del menjador, personal de cuina, neteja i manteniment. L&#8217;AMPA tamb\u00e9 forma part d&#8217;aquest projecte que pret\u00e9n conscienciar i fomentar h\u00e0bits &hellip;<\/p>\n<p class=\"read-more\"> <a class=\"ast-button\" href=\"https:\/\/afavirgendelcarmen.es\/va\/projectes\/projecte-50-50\/\"> <span class=\"screen-reader-text\">Projecte 50\/50<\/span> Read More \u00bb<\/a><\/p>\n","protected":false},"author":1,"featured_media":0,"parent":2358,"menu_order":0,"comment_status":"closed","ping_status":"closed","template":"","meta":{"site-sidebar-layout":"no-sidebar","site-content-layout":"plain-container","ast-global-header-display":"","ast-main-header-display":"","ast-hfb-above-header-display":"","ast-hfb-below-header-display":"","ast-hfb-mobile-header-display":"","site-post-title":"disabled","ast-breadcrumbs-content":"","ast-featured-img":"disabled","footer-sml-layout":"","theme-transparent-header-meta":"default","adv-header-id-meta":"","stick-header-meta":"default","header-above-stick-meta":"","header-main-stick-meta":"","header-below-stick-meta":"","footnotes":""},"class_list":["post-2378","page","type-page","status-publish","hentry"],"_links":{"self":[{"href":"https:\/\/afavirgendelcarmen.es\/va\/wp-json\/wp\/v2\/pages\/2378","targetHints":{"allow":["GET"]}}],"collection":[{"href":"https:\/\/afavirgendelcarmen.es\/va\/wp-json\/wp\/v2\/pages"}],"about":[{"href":"https:\/\/afavirgendelcarmen.es\/va\/wp-json\/wp\/v2\/types\/page"}],"author":[{"embeddable":true,"href":"https:\/\/afavirgendelcarmen.es\/va\/wp-json\/wp\/v2\/users\/1"}],"replies":[{"embeddable":true,"href":"https:\/\/afavirgendelcarmen.es\/va\/wp-json\/wp\/v2\/comments?post=2378"}],"version-history":[{"count":3,"href":"https:\/\/afavirgendelcarmen.es\/va\/wp-json\/wp\/v2\/pages\/2378\/revisions"}],"predecessor-version":[{"id":2383,"href":"https:\/\/afavirgendelcarmen.es\/va\/wp-json\/wp\/v2\/pages\/2378\/revisions\/2383"}],"up":[{"embeddable":true,"href":"https:\/\/afavirgendelcarmen.es\/va\/wp-json\/wp\/v2\/pages\/2358"}],"wp:attachment":[{"href":"https:\/\/afavirgendelcarmen.es\/va\/wp-json\/wp\/v2\/media?parent=2378"}],"curies":[{"name":"wp","href":"https:\/\/api.w.org\/{rel}","templated":true}]}}