{"id":2365,"date":"2023-02-21T12:19:45","date_gmt":"2023-02-21T12:19:45","guid":{"rendered":"https:\/\/afavirgendelcarmen.es\/?page_id=2365"},"modified":"2023-03-20T09:00:35","modified_gmt":"2023-03-20T09:00:35","slug":"hort-escolar","status":"publish","type":"page","link":"https:\/\/afavirgendelcarmen.es\/va\/projectes\/hort-escolar\/","title":{"rendered":"Hort escolar"},"content":{"rendered":"\t\t<div data-elementor-type=\"wp-page\" data-elementor-id=\"2365\" class=\"elementor elementor-2365\" data-elementor-post-type=\"page\">\n\t\t\t\t\t\t<section class=\"elementor-section elementor-top-section elementor-element elementor-element-f994865 elementor-section-boxed elementor-section-height-default elementor-section-height-default\" data-id=\"f994865\" data-element_type=\"section\" data-e-type=\"section\">\n\t\t\t\t\t\t<div class=\"elementor-container elementor-column-gap-default\">\n\t\t\t\t\t<div class=\"elementor-column elementor-col-100 elementor-top-column elementor-element elementor-element-13c5bd3\" data-id=\"13c5bd3\" data-element_type=\"column\" data-e-type=\"column\">\n\t\t\t<div class=\"elementor-widget-wrap elementor-element-populated\">\n\t\t\t\t\t\t\t<\/div>\n\t\t<\/div>\n\t\t\t\t\t<\/div>\n\t\t<\/section>\n\t\t\t\t<section class=\"elementor-section elementor-top-section elementor-element elementor-element-241c0d1 elementor-section-boxed elementor-section-height-default elementor-section-height-default\" data-id=\"241c0d1\" data-element_type=\"section\" data-e-type=\"section\">\n\t\t\t\t\t\t<div class=\"elementor-container elementor-column-gap-default\">\n\t\t\t\t\t<div class=\"elementor-column elementor-col-50 elementor-top-column elementor-element elementor-element-e4bb68e\" data-id=\"e4bb68e\" data-element_type=\"column\" data-e-type=\"column\">\n\t\t\t<div class=\"elementor-widget-wrap elementor-element-populated\">\n\t\t\t\t\t\t<div class=\"elementor-element elementor-element-663abec elementor-widget elementor-widget-text-editor\" data-id=\"663abec\" data-element_type=\"widget\" data-e-type=\"widget\" data-widget_type=\"text-editor.default\">\n\t\t\t\t<div class=\"elementor-widget-container\">\n\t\t\t\t\t\t\t\t\t<p style=\"font-weight: 400;\">Un dels projectes m\u00e9s enriquidors, i del qual ens sentim molt orgullosos i orgulloses, \u00e9s l&#8217;hort.<\/p><p style=\"font-weight: 400;\">Des de fa uns anys el nostre alumnat de 2n d\u2019infantil i 4t de prim\u00e0ria, sempre en coordinaci\u00f3 amb el professorat i la col\u00b7laboraci\u00f3 de les fam\u00edlies volunt\u00e0ries, aprenen les t\u00e8cniques ecol\u00f2giques de l&#8217;agricultura tradicional i gaudeixen del treball de la terra i del seu manteniment.<\/p><p style=\"font-weight: 400;\">Entre les activitats que s\u2019hi duen a terme estan: fer planter amb llavors de varietats locals valencianes, regar les plantes, cultivar i recol\u00b7lectar.<\/p><p style=\"font-weight: 400;\">Els xiquets i les xiquetes gaudeixen molt\u00edssim de les activitats relacionades amb el camp i a m\u00e9s s&#8217;afavoreix el contacte amb la naturalesa i els seus cicles, promovent un oci saludable.<\/p><p style=\"font-weight: 400;\">Us deixem unes fotos perqu\u00e8 vegeu tot el que aconsegueixen amb les seues pr\u00f2pies mans.<\/p>\t\t\t\t\t\t\t\t<\/div>\n\t\t\t\t<\/div>\n\t\t\t\t\t<\/div>\n\t\t<\/div>\n\t\t\t\t<div class=\"elementor-column elementor-col-50 elementor-top-column elementor-element elementor-element-0b4c71d\" data-id=\"0b4c71d\" data-element_type=\"column\" data-e-type=\"column\">\n\t\t\t<div class=\"elementor-widget-wrap elementor-element-populated\">\n\t\t\t\t\t\t<div class=\"elementor-element elementor-element-e6a1b68 elementor-widget elementor-widget-image\" data-id=\"e6a1b68\" data-element_type=\"widget\" data-e-type=\"widget\" data-widget_type=\"image.default\">\n\t\t\t\t<div class=\"elementor-widget-container\">\n\t\t\t\t\t\t\t\t\t\t\t\t\t\t\t<img fetchpriority=\"high\" decoding=\"async\" width=\"807\" height=\"567\" src=\"https:\/\/afavirgendelcarmen.es\/wp-content\/uploads\/2023\/02\/CARTEL-HUERTO.jpg\" class=\"attachment-large size-large wp-image-613\" alt=\"\" srcset=\"https:\/\/afavirgendelcarmen.es\/wp-content\/uploads\/2023\/02\/CARTEL-HUERTO.jpg 807w, https:\/\/afavirgendelcarmen.es\/wp-content\/uploads\/2023\/02\/CARTEL-HUERTO-300x211.jpg 300w, https:\/\/afavirgendelcarmen.es\/wp-content\/uploads\/2023\/02\/CARTEL-HUERTO-768x540.jpg 768w\" sizes=\"(max-width: 807px) 100vw, 807px\" \/>\t\t\t\t\t\t\t\t\t\t\t\t\t\t\t<\/div>\n\t\t\t\t<\/div>\n\t\t\t\t\t<\/div>\n\t\t<\/div>\n\t\t\t\t\t<\/div>\n\t\t<\/section>\n\t\t\t\t<section class=\"elementor-section elementor-top-section elementor-element elementor-element-8571d61 elementor-section-boxed elementor-section-height-default elementor-section-height-default\" data-id=\"8571d61\" data-element_type=\"section\" data-e-type=\"section\">\n\t\t\t\t\t\t<div class=\"elementor-container elementor-column-gap-default\">\n\t\t\t\t\t<div class=\"elementor-column elementor-col-100 elementor-top-column elementor-element elementor-element-df3d80d\" data-id=\"df3d80d\" data-element_type=\"column\" data-e-type=\"column\">\n\t\t\t<div class=\"elementor-widget-wrap elementor-element-populated\">\n\t\t\t\t\t\t<div class=\"elementor-element elementor-element-6033429 elementor-widget elementor-widget-gallery\" data-id=\"6033429\" data-element_type=\"widget\" data-e-type=\"widget\" data-settings=\"{&quot;columns&quot;:2,&quot;image_hover_animation&quot;:&quot;grow&quot;,&quot;lazyload&quot;:&quot;yes&quot;,&quot;gallery_layout&quot;:&quot;grid&quot;,&quot;columns_tablet&quot;:2,&quot;columns_mobile&quot;:1,&quot;gap&quot;:{&quot;unit&quot;:&quot;px&quot;,&quot;size&quot;:10,&quot;sizes&quot;:[]},&quot;gap_tablet&quot;:{&quot;unit&quot;:&quot;px&quot;,&quot;size&quot;:10,&quot;sizes&quot;:[]},&quot;gap_mobile&quot;:{&quot;unit&quot;:&quot;px&quot;,&quot;size&quot;:10,&quot;sizes&quot;:[]},&quot;link_to&quot;:&quot;file&quot;,&quot;aspect_ratio&quot;:&quot;3:2&quot;,&quot;overlay_background&quot;:&quot;yes&quot;,&quot;content_hover_animation&quot;:&quot;fade-in&quot;}\" data-widget_type=\"gallery.default\">\n\t\t\t\t<div class=\"elementor-widget-container\">\n\t\t\t\t\t\t\t<div class=\"elementor-gallery__container\">\n\t\t\t\t\t\t\t<a class=\"e-gallery-item elementor-gallery-item elementor-animated-content\" href=\"https:\/\/afavirgendelcarmen.es\/wp-content\/uploads\/2023\/02\/HUERTO-01.jpg\" data-elementor-open-lightbox=\"yes\" data-elementor-lightbox-title=\"HUERTO-01\" data-e-action-hash=\"#elementor-action%3Aaction%3Dlightbox%26settings%3DeyJpZCI6NjE3LCJ1cmwiOiJodHRwczpcL1wvYWZhdmlyZ2VuZGVsY2FybWVuLmVzXC93cC1jb250ZW50XC91cGxvYWRzXC8yMDIzXC8wMlwvSFVFUlRPLTAxLmpwZyJ9\">\n\t\t\t\t\t<div class=\"e-gallery-image elementor-gallery-item__image\" data-thumbnail=\"https:\/\/afavirgendelcarmen.es\/wp-content\/uploads\/2023\/02\/HUERTO-01.jpg\" data-width=\"900\" data-height=\"600\" aria-label=\"\" role=\"img\" ><\/div>\n\t\t\t\t\t\t\t\t\t\t\t<div class=\"elementor-gallery-item__overlay\"><\/div>\n\t\t\t\t\t\t\t\t\t\t\t\t\t\t<\/a>\n\t\t\t\t\t\t\t<a class=\"e-gallery-item elementor-gallery-item elementor-animated-content\" href=\"https:\/\/afavirgendelcarmen.es\/wp-content\/uploads\/2023\/02\/HUERTO-02.jpg\" data-elementor-open-lightbox=\"yes\" data-elementor-lightbox-title=\"HUERTO-02\" data-e-action-hash=\"#elementor-action%3Aaction%3Dlightbox%26settings%3DeyJpZCI6NjE4LCJ1cmwiOiJodHRwczpcL1wvYWZhdmlyZ2VuZGVsY2FybWVuLmVzXC93cC1jb250ZW50XC91cGxvYWRzXC8yMDIzXC8wMlwvSFVFUlRPLTAyLmpwZyJ9\">\n\t\t\t\t\t<div class=\"e-gallery-image elementor-gallery-item__image\" data-thumbnail=\"https:\/\/afavirgendelcarmen.es\/wp-content\/uploads\/2023\/02\/HUERTO-02.jpg\" data-width=\"900\" data-height=\"600\" aria-label=\"\" role=\"img\" ><\/div>\n\t\t\t\t\t\t\t\t\t\t\t<div class=\"elementor-gallery-item__overlay\"><\/div>\n\t\t\t\t\t\t\t\t\t\t\t\t\t\t<\/a>\n\t\t\t\t\t\t\t<a class=\"e-gallery-item elementor-gallery-item elementor-animated-content\" href=\"https:\/\/afavirgendelcarmen.es\/wp-content\/uploads\/2023\/02\/HUERTO-03.jpg\" data-elementor-open-lightbox=\"yes\" data-elementor-lightbox-title=\"HUERTO-03\" data-e-action-hash=\"#elementor-action%3Aaction%3Dlightbox%26settings%3DeyJpZCI6NjE5LCJ1cmwiOiJodHRwczpcL1wvYWZhdmlyZ2VuZGVsY2FybWVuLmVzXC93cC1jb250ZW50XC91cGxvYWRzXC8yMDIzXC8wMlwvSFVFUlRPLTAzLmpwZyJ9\">\n\t\t\t\t\t<div class=\"e-gallery-image elementor-gallery-item__image\" data-thumbnail=\"https:\/\/afavirgendelcarmen.es\/wp-content\/uploads\/2023\/02\/HUERTO-03.jpg\" data-width=\"900\" data-height=\"600\" aria-label=\"\" role=\"img\" ><\/div>\n\t\t\t\t\t\t\t\t\t\t\t<div class=\"elementor-gallery-item__overlay\"><\/div>\n\t\t\t\t\t\t\t\t\t\t\t\t\t\t<\/a>\n\t\t\t\t\t\t\t<a class=\"e-gallery-item elementor-gallery-item elementor-animated-content\" href=\"https:\/\/afavirgendelcarmen.es\/wp-content\/uploads\/2023\/02\/HUERTO-04.jpg\" data-elementor-open-lightbox=\"yes\" data-elementor-lightbox-title=\"HUERTO-04\" data-e-action-hash=\"#elementor-action%3Aaction%3Dlightbox%26settings%3DeyJpZCI6NjIwLCJ1cmwiOiJodHRwczpcL1wvYWZhdmlyZ2VuZGVsY2FybWVuLmVzXC93cC1jb250ZW50XC91cGxvYWRzXC8yMDIzXC8wMlwvSFVFUlRPLTA0LmpwZyJ9\">\n\t\t\t\t\t<div class=\"e-gallery-image elementor-gallery-item__image\" data-thumbnail=\"https:\/\/afavirgendelcarmen.es\/wp-content\/uploads\/2023\/02\/HUERTO-04.jpg\" data-width=\"900\" data-height=\"600\" aria-label=\"\" role=\"img\" ><\/div>\n\t\t\t\t\t\t\t\t\t\t\t<div class=\"elementor-gallery-item__overlay\"><\/div>\n\t\t\t\t\t\t\t\t\t\t\t\t\t\t<\/a>\n\t\t\t\t\t\t\t<a class=\"e-gallery-item elementor-gallery-item elementor-animated-content\" href=\"https:\/\/afavirgendelcarmen.es\/wp-content\/uploads\/2023\/02\/HUERTO-05.jpg\" data-elementor-open-lightbox=\"yes\" data-elementor-lightbox-title=\"HUERTO-05\" data-e-action-hash=\"#elementor-action%3Aaction%3Dlightbox%26settings%3DeyJpZCI6NjIxLCJ1cmwiOiJodHRwczpcL1wvYWZhdmlyZ2VuZGVsY2FybWVuLmVzXC93cC1jb250ZW50XC91cGxvYWRzXC8yMDIzXC8wMlwvSFVFUlRPLTA1LmpwZyJ9\">\n\t\t\t\t\t<div class=\"e-gallery-image elementor-gallery-item__image\" data-thumbnail=\"https:\/\/afavirgendelcarmen.es\/wp-content\/uploads\/2023\/02\/HUERTO-05.jpg\" data-width=\"900\" data-height=\"600\" aria-label=\"\" role=\"img\" ><\/div>\n\t\t\t\t\t\t\t\t\t\t\t<div class=\"elementor-gallery-item__overlay\"><\/div>\n\t\t\t\t\t\t\t\t\t\t\t\t\t\t<\/a>\n\t\t\t\t\t\t\t<a class=\"e-gallery-item elementor-gallery-item elementor-animated-content\" href=\"https:\/\/afavirgendelcarmen.es\/wp-content\/uploads\/2023\/02\/HUERTO-07.jpg\" data-elementor-open-lightbox=\"yes\" data-elementor-lightbox-title=\"HUERTO-07\" data-e-action-hash=\"#elementor-action%3Aaction%3Dlightbox%26settings%3DeyJpZCI6NjIyLCJ1cmwiOiJodHRwczpcL1wvYWZhdmlyZ2VuZGVsY2FybWVuLmVzXC93cC1jb250ZW50XC91cGxvYWRzXC8yMDIzXC8wMlwvSFVFUlRPLTA3LmpwZyJ9\">\n\t\t\t\t\t<div class=\"e-gallery-image elementor-gallery-item__image\" data-thumbnail=\"https:\/\/afavirgendelcarmen.es\/wp-content\/uploads\/2023\/02\/HUERTO-07.jpg\" data-width=\"900\" data-height=\"600\" aria-label=\"\" role=\"img\" ><\/div>\n\t\t\t\t\t\t\t\t\t\t\t<div class=\"elementor-gallery-item__overlay\"><\/div>\n\t\t\t\t\t\t\t\t\t\t\t\t\t\t<\/a>\n\t\t\t\t\t\t\t<a class=\"e-gallery-item elementor-gallery-item elementor-animated-content\" href=\"https:\/\/afavirgendelcarmen.es\/wp-content\/uploads\/2023\/02\/HUERTO-08.jpg\" data-elementor-open-lightbox=\"yes\" data-elementor-lightbox-title=\"HUERTO-08\" data-e-action-hash=\"#elementor-action%3Aaction%3Dlightbox%26settings%3DeyJpZCI6NjIzLCJ1cmwiOiJodHRwczpcL1wvYWZhdmlyZ2VuZGVsY2FybWVuLmVzXC93cC1jb250ZW50XC91cGxvYWRzXC8yMDIzXC8wMlwvSFVFUlRPLTA4LmpwZyJ9\">\n\t\t\t\t\t<div class=\"e-gallery-image elementor-gallery-item__image\" data-thumbnail=\"https:\/\/afavirgendelcarmen.es\/wp-content\/uploads\/2023\/02\/HUERTO-08.jpg\" data-width=\"900\" data-height=\"600\" aria-label=\"\" role=\"img\" ><\/div>\n\t\t\t\t\t\t\t\t\t\t\t<div class=\"elementor-gallery-item__overlay\"><\/div>\n\t\t\t\t\t\t\t\t\t\t\t\t\t\t<\/a>\n\t\t\t\t\t\t\t<a class=\"e-gallery-item elementor-gallery-item elementor-animated-content\" href=\"https:\/\/afavirgendelcarmen.es\/wp-content\/uploads\/2023\/02\/HUERTO-09.jpg\" data-elementor-open-lightbox=\"yes\" data-elementor-lightbox-title=\"HUERTO-09\" data-e-action-hash=\"#elementor-action%3Aaction%3Dlightbox%26settings%3DeyJpZCI6NjI0LCJ1cmwiOiJodHRwczpcL1wvYWZhdmlyZ2VuZGVsY2FybWVuLmVzXC93cC1jb250ZW50XC91cGxvYWRzXC8yMDIzXC8wMlwvSFVFUlRPLTA5LmpwZyJ9\">\n\t\t\t\t\t<div class=\"e-gallery-image elementor-gallery-item__image\" data-thumbnail=\"https:\/\/afavirgendelcarmen.es\/wp-content\/uploads\/2023\/02\/HUERTO-09.jpg\" data-width=\"900\" data-height=\"600\" aria-label=\"\" role=\"img\" ><\/div>\n\t\t\t\t\t\t\t\t\t\t\t<div class=\"elementor-gallery-item__overlay\"><\/div>\n\t\t\t\t\t\t\t\t\t\t\t\t\t\t<\/a>\n\t\t\t\t\t<\/div>\n\t\t\t\t\t<\/div>\n\t\t\t\t<\/div>\n\t\t\t\t\t<\/div>\n\t\t<\/div>\n\t\t\t\t\t<\/div>\n\t\t<\/section>\n\t\t\t\t<section class=\"elementor-section elementor-top-section elementor-element elementor-element-4c63854 elementor-section-boxed elementor-section-height-default elementor-section-height-default\" data-id=\"4c63854\" data-element_type=\"section\" data-e-type=\"section\">\n\t\t\t\t\t\t<div class=\"elementor-container elementor-column-gap-default\">\n\t\t\t\t\t<div class=\"elementor-column elementor-col-100 elementor-top-column elementor-element elementor-element-aa74bd1\" data-id=\"aa74bd1\" data-element_type=\"column\" data-e-type=\"column\">\n\t\t\t<div class=\"elementor-widget-wrap elementor-element-populated\">\n\t\t\t\t\t\t<div class=\"elementor-element elementor-element-809b38d elementor-widget elementor-widget-gallery\" data-id=\"809b38d\" data-element_type=\"widget\" data-e-type=\"widget\" data-settings=\"{&quot;columns&quot;:3,&quot;lazyload&quot;:&quot;yes&quot;,&quot;gallery_layout&quot;:&quot;grid&quot;,&quot;columns_tablet&quot;:2,&quot;columns_mobile&quot;:1,&quot;gap&quot;:{&quot;unit&quot;:&quot;px&quot;,&quot;size&quot;:10,&quot;sizes&quot;:[]},&quot;gap_tablet&quot;:{&quot;unit&quot;:&quot;px&quot;,&quot;size&quot;:10,&quot;sizes&quot;:[]},&quot;gap_mobile&quot;:{&quot;unit&quot;:&quot;px&quot;,&quot;size&quot;:10,&quot;sizes&quot;:[]},&quot;link_to&quot;:&quot;file&quot;,&quot;aspect_ratio&quot;:&quot;3:2&quot;,&quot;overlay_background&quot;:&quot;yes&quot;,&quot;content_hover_animation&quot;:&quot;fade-in&quot;}\" data-widget_type=\"gallery.default\">\n\t\t\t\t<div class=\"elementor-widget-container\">\n\t\t\t\t\t\t\t<div class=\"elementor-gallery__container\">\n\t\t\t\t\t\t\t<a class=\"e-gallery-item elementor-gallery-item elementor-animated-content\" href=\"https:\/\/afavirgendelcarmen.es\/wp-content\/uploads\/2023\/02\/CARTEL-HUERTO-1.jpg\" data-elementor-open-lightbox=\"yes\" data-elementor-lightbox-title=\"CARTEL-HUERTO-1\" data-e-action-hash=\"#elementor-action%3Aaction%3Dlightbox%26settings%3DeyJpZCI6Nzk4LCJ1cmwiOiJodHRwczpcL1wvYWZhdmlyZ2VuZGVsY2FybWVuLmVzXC93cC1jb250ZW50XC91cGxvYWRzXC8yMDIzXC8wMlwvQ0FSVEVMLUhVRVJUTy0xLmpwZyJ9\">\n\t\t\t\t\t<div class=\"e-gallery-image elementor-gallery-item__image\" data-thumbnail=\"https:\/\/afavirgendelcarmen.es\/wp-content\/uploads\/2023\/02\/CARTEL-HUERTO-1-300x206.jpg\" data-width=\"300\" data-height=\"206\" aria-label=\"\" role=\"img\" ><\/div>\n\t\t\t\t\t\t\t\t\t\t\t<div class=\"elementor-gallery-item__overlay\"><\/div>\n\t\t\t\t\t\t\t\t\t\t\t\t\t\t<\/a>\n\t\t\t\t\t\t\t<a class=\"e-gallery-item elementor-gallery-item elementor-animated-content\" href=\"https:\/\/afavirgendelcarmen.es\/wp-content\/uploads\/2023\/02\/CARTEL-HUERTO-3.jpg\" data-elementor-open-lightbox=\"yes\" data-elementor-lightbox-title=\"CARTEL-HUERTO-3\" data-e-action-hash=\"#elementor-action%3Aaction%3Dlightbox%26settings%3DeyJpZCI6Nzk5LCJ1cmwiOiJodHRwczpcL1wvYWZhdmlyZ2VuZGVsY2FybWVuLmVzXC93cC1jb250ZW50XC91cGxvYWRzXC8yMDIzXC8wMlwvQ0FSVEVMLUhVRVJUTy0zLmpwZyJ9\">\n\t\t\t\t\t<div class=\"e-gallery-image elementor-gallery-item__image\" data-thumbnail=\"https:\/\/afavirgendelcarmen.es\/wp-content\/uploads\/2023\/02\/CARTEL-HUERTO-3-300x171.jpg\" data-width=\"300\" data-height=\"171\" aria-label=\"\" role=\"img\" ><\/div>\n\t\t\t\t\t\t\t\t\t\t\t<div class=\"elementor-gallery-item__overlay\"><\/div>\n\t\t\t\t\t\t\t\t\t\t\t\t\t\t<\/a>\n\t\t\t\t\t\t\t<a class=\"e-gallery-item elementor-gallery-item elementor-animated-content\" href=\"https:\/\/afavirgendelcarmen.es\/wp-content\/uploads\/2023\/02\/CARTEL-HUERTO-2.jpg\" data-elementor-open-lightbox=\"yes\" data-elementor-lightbox-title=\"CARTEL-HUERTO-2\" data-e-action-hash=\"#elementor-action%3Aaction%3Dlightbox%26settings%3DeyJpZCI6ODAwLCJ1cmwiOiJodHRwczpcL1wvYWZhdmlyZ2VuZGVsY2FybWVuLmVzXC93cC1jb250ZW50XC91cGxvYWRzXC8yMDIzXC8wMlwvQ0FSVEVMLUhVRVJUTy0yLmpwZyJ9\">\n\t\t\t\t\t<div class=\"e-gallery-image elementor-gallery-item__image\" data-thumbnail=\"https:\/\/afavirgendelcarmen.es\/wp-content\/uploads\/2023\/02\/CARTEL-HUERTO-2-300x172.jpg\" data-width=\"300\" data-height=\"172\" aria-label=\"\" role=\"img\" ><\/div>\n\t\t\t\t\t\t\t\t\t\t\t<div class=\"elementor-gallery-item__overlay\"><\/div>\n\t\t\t\t\t\t\t\t\t\t\t\t\t\t<\/a>\n\t\t\t\t\t<\/div>\n\t\t\t\t\t<\/div>\n\t\t\t\t<\/div>\n\t\t\t\t\t<\/div>\n\t\t<\/div>\n\t\t\t\t\t<\/div>\n\t\t<\/section>\n\t\t\t\t<\/div>\n\t\t","protected":false},"excerpt":{"rendered":"<p>Un dels projectes m\u00e9s enriquidors, i del qual ens sentim molt orgullosos i orgulloses, \u00e9s l&#8217;hort. Des de fa uns anys el nostre alumnat de 2n d\u2019infantil i 4t de prim\u00e0ria, sempre en coordinaci\u00f3 amb el professorat i la col\u00b7laboraci\u00f3 de les fam\u00edlies volunt\u00e0ries, aprenen les t\u00e8cniques ecol\u00f2giques de l&#8217;agricultura tradicional i gaudeixen del treball &hellip;<\/p>\n<p class=\"read-more\"> <a class=\"ast-button\" href=\"https:\/\/afavirgendelcarmen.es\/va\/projectes\/hort-escolar\/\"> <span class=\"screen-reader-text\">Hort escolar<\/span> Read More \u00bb<\/a><\/p>\n","protected":false},"author":1,"featured_media":0,"parent":2358,"menu_order":0,"comment_status":"closed","ping_status":"closed","template":"","meta":{"site-sidebar-layout":"no-sidebar","site-content-layout":"plain-container","ast-global-header-display":"","ast-main-header-display":"","ast-hfb-above-header-display":"","ast-hfb-below-header-display":"","ast-hfb-mobile-header-display":"","site-post-title":"disabled","ast-breadcrumbs-content":"","ast-featured-img":"disabled","footer-sml-layout":"","theme-transparent-header-meta":"default","adv-header-id-meta":"","stick-header-meta":"default","header-above-stick-meta":"","header-main-stick-meta":"","header-below-stick-meta":"","footnotes":""},"class_list":["post-2365","page","type-page","status-publish","hentry"],"_links":{"self":[{"href":"https:\/\/afavirgendelcarmen.es\/va\/wp-json\/wp\/v2\/pages\/2365","targetHints":{"allow":["GET"]}}],"collection":[{"href":"https:\/\/afavirgendelcarmen.es\/va\/wp-json\/wp\/v2\/pages"}],"about":[{"href":"https:\/\/afavirgendelcarmen.es\/va\/wp-json\/wp\/v2\/types\/page"}],"author":[{"embeddable":true,"href":"https:\/\/afavirgendelcarmen.es\/va\/wp-json\/wp\/v2\/users\/1"}],"replies":[{"embeddable":true,"href":"https:\/\/afavirgendelcarmen.es\/va\/wp-json\/wp\/v2\/comments?post=2365"}],"version-history":[{"count":3,"href":"https:\/\/afavirgendelcarmen.es\/va\/wp-json\/wp\/v2\/pages\/2365\/revisions"}],"predecessor-version":[{"id":2545,"href":"https:\/\/afavirgendelcarmen.es\/va\/wp-json\/wp\/v2\/pages\/2365\/revisions\/2545"}],"up":[{"embeddable":true,"href":"https:\/\/afavirgendelcarmen.es\/va\/wp-json\/wp\/v2\/pages\/2358"}],"wp:attachment":[{"href":"https:\/\/afavirgendelcarmen.es\/va\/wp-json\/wp\/v2\/media?parent=2365"}],"curies":[{"name":"wp","href":"https:\/\/api.w.org\/{rel}","templated":true}]}}