{"id":2361,"date":"2023-02-24T13:10:26","date_gmt":"2023-02-24T13:10:26","guid":{"rendered":"https:\/\/afavirgendelcarmen.es\/?page_id=2361"},"modified":"2023-03-15T18:00:27","modified_gmt":"2023-03-15T18:00:27","slug":"biblioteca","status":"publish","type":"page","link":"https:\/\/afavirgendelcarmen.es\/va\/projectes\/biblioteca\/","title":{"rendered":"Biblioteca"},"content":{"rendered":"\t\t<div data-elementor-type=\"wp-page\" data-elementor-id=\"2361\" class=\"elementor elementor-2361\" data-elementor-post-type=\"page\">\n\t\t\t\t\t\t<section class=\"elementor-section elementor-top-section elementor-element elementor-element-ec54f3a elementor-section-boxed elementor-section-height-default elementor-section-height-default\" data-id=\"ec54f3a\" data-element_type=\"section\" data-e-type=\"section\">\n\t\t\t\t\t\t<div class=\"elementor-container elementor-column-gap-default\">\n\t\t\t\t\t<div class=\"elementor-column elementor-col-100 elementor-top-column elementor-element elementor-element-0e6608e\" data-id=\"0e6608e\" data-element_type=\"column\" data-e-type=\"column\">\n\t\t\t<div class=\"elementor-widget-wrap elementor-element-populated\">\n\t\t\t\t\t\t\t<\/div>\n\t\t<\/div>\n\t\t\t\t\t<\/div>\n\t\t<\/section>\n\t\t\t\t<section class=\"elementor-section elementor-top-section elementor-element elementor-element-ce724fc elementor-section-boxed elementor-section-height-default elementor-section-height-default\" data-id=\"ce724fc\" data-element_type=\"section\" data-e-type=\"section\">\n\t\t\t\t\t\t<div class=\"elementor-container elementor-column-gap-default\">\n\t\t\t\t\t<div class=\"elementor-column elementor-col-100 elementor-top-column elementor-element elementor-element-f2a55a4\" data-id=\"f2a55a4\" data-element_type=\"column\" data-e-type=\"column\">\n\t\t\t<div class=\"elementor-widget-wrap elementor-element-populated\">\n\t\t\t\t\t\t<div class=\"elementor-element elementor-element-74bd611 elementor-widget elementor-widget-text-editor\" data-id=\"74bd611\" data-element_type=\"widget\" data-e-type=\"widget\" data-widget_type=\"text-editor.default\">\n\t\t\t\t<div class=\"elementor-widget-container\">\n\t\t\t\t\t\t\t\t\t<p style=\"font-weight: 400;\">L\u2019escola estrena biblioteca renovada! tant l\u2019alumnat com el professorat s&#8217;han esfor\u00e7at molt a fer de l&#8217;antiga biblioteca un lloc m\u00e9s funcional, bonic i agradable que incita i poe\u00e8ncia l&#8217;activitat lectora; ac\u00ed\u00a0 els nostres fills i filles poden gaudir dels llibres i submergir-se en mons m\u00e0gics. Aquest meravell\u00f3s espai \u00e9s un dels quals l\u2019escola cedeix per a l&#8217;activitat de Matiners i Vesprades.<\/p>\t\t\t\t\t\t\t\t<\/div>\n\t\t\t\t<\/div>\n\t\t\t\t\t<\/div>\n\t\t<\/div>\n\t\t\t\t\t<\/div>\n\t\t<\/section>\n\t\t\t\t<section class=\"elementor-section elementor-top-section elementor-element elementor-element-9b9957a elementor-section-boxed elementor-section-height-default elementor-section-height-default\" data-id=\"9b9957a\" data-element_type=\"section\" data-e-type=\"section\">\n\t\t\t\t\t\t<div class=\"elementor-container elementor-column-gap-default\">\n\t\t\t\t\t<div class=\"elementor-column elementor-col-100 elementor-top-column elementor-element elementor-element-27aa9d0\" data-id=\"27aa9d0\" data-element_type=\"column\" data-e-type=\"column\">\n\t\t\t<div class=\"elementor-widget-wrap elementor-element-populated\">\n\t\t\t\t\t\t<div class=\"elementor-element elementor-element-a1acd99 elementor-widget elementor-widget-gallery\" data-id=\"a1acd99\" data-element_type=\"widget\" data-e-type=\"widget\" data-settings=\"{&quot;columns&quot;:2,&quot;image_hover_animation&quot;:&quot;grow&quot;,&quot;lazyload&quot;:&quot;yes&quot;,&quot;gallery_layout&quot;:&quot;grid&quot;,&quot;columns_tablet&quot;:2,&quot;columns_mobile&quot;:1,&quot;gap&quot;:{&quot;unit&quot;:&quot;px&quot;,&quot;size&quot;:10,&quot;sizes&quot;:[]},&quot;gap_tablet&quot;:{&quot;unit&quot;:&quot;px&quot;,&quot;size&quot;:10,&quot;sizes&quot;:[]},&quot;gap_mobile&quot;:{&quot;unit&quot;:&quot;px&quot;,&quot;size&quot;:10,&quot;sizes&quot;:[]},&quot;link_to&quot;:&quot;file&quot;,&quot;aspect_ratio&quot;:&quot;3:2&quot;,&quot;overlay_background&quot;:&quot;yes&quot;,&quot;content_hover_animation&quot;:&quot;fade-in&quot;}\" data-widget_type=\"gallery.default\">\n\t\t\t\t<div class=\"elementor-widget-container\">\n\t\t\t\t\t\t\t<div class=\"elementor-gallery__container\">\n\t\t\t\t\t\t\t<a class=\"e-gallery-item elementor-gallery-item elementor-animated-content\" href=\"https:\/\/afavirgendelcarmen.es\/wp-content\/uploads\/2023\/02\/BIBLIOTECA-01.jpg\" data-elementor-open-lightbox=\"yes\" data-elementor-lightbox-title=\"BIBLIOTECA-01\" data-e-action-hash=\"#elementor-action%3Aaction%3Dlightbox%26settings%3DeyJpZCI6MTIyNSwidXJsIjoiaHR0cHM6XC9cL2FmYXZpcmdlbmRlbGNhcm1lbi5lc1wvd3AtY29udGVudFwvdXBsb2Fkc1wvMjAyM1wvMDJcL0JJQkxJT1RFQ0EtMDEuanBnIn0%3D\">\n\t\t\t\t\t<div class=\"e-gallery-image elementor-gallery-item__image\" data-thumbnail=\"https:\/\/afavirgendelcarmen.es\/wp-content\/uploads\/2023\/02\/BIBLIOTECA-01.jpg\" data-width=\"1024\" data-height=\"670\" aria-label=\"\" role=\"img\" ><\/div>\n\t\t\t\t\t\t\t\t\t\t\t<div class=\"elementor-gallery-item__overlay\"><\/div>\n\t\t\t\t\t\t\t\t\t\t\t\t\t\t<\/a>\n\t\t\t\t\t\t\t<a class=\"e-gallery-item elementor-gallery-item elementor-animated-content\" href=\"https:\/\/afavirgendelcarmen.es\/wp-content\/uploads\/2023\/02\/BIBLIOTECA-02.jpg\" data-elementor-open-lightbox=\"yes\" data-elementor-lightbox-title=\"BIBLIOTECA-02\" data-e-action-hash=\"#elementor-action%3Aaction%3Dlightbox%26settings%3DeyJpZCI6MTIyNiwidXJsIjoiaHR0cHM6XC9cL2FmYXZpcmdlbmRlbGNhcm1lbi5lc1wvd3AtY29udGVudFwvdXBsb2Fkc1wvMjAyM1wvMDJcL0JJQkxJT1RFQ0EtMDIuanBnIn0%3D\">\n\t\t\t\t\t<div class=\"e-gallery-image elementor-gallery-item__image\" data-thumbnail=\"https:\/\/afavirgendelcarmen.es\/wp-content\/uploads\/2023\/02\/BIBLIOTECA-02.jpg\" data-width=\"1024\" data-height=\"768\" aria-label=\"\" role=\"img\" ><\/div>\n\t\t\t\t\t\t\t\t\t\t\t<div class=\"elementor-gallery-item__overlay\"><\/div>\n\t\t\t\t\t\t\t\t\t\t\t\t\t\t<\/a>\n\t\t\t\t\t\t\t<a class=\"e-gallery-item elementor-gallery-item elementor-animated-content\" href=\"https:\/\/afavirgendelcarmen.es\/wp-content\/uploads\/2023\/02\/BIBLIOTECA-03.jpg\" data-elementor-open-lightbox=\"yes\" data-elementor-lightbox-title=\"BIBLIOTECA-03\" data-e-action-hash=\"#elementor-action%3Aaction%3Dlightbox%26settings%3DeyJpZCI6MTIyNywidXJsIjoiaHR0cHM6XC9cL2FmYXZpcmdlbmRlbGNhcm1lbi5lc1wvd3AtY29udGVudFwvdXBsb2Fkc1wvMjAyM1wvMDJcL0JJQkxJT1RFQ0EtMDMuanBnIn0%3D\">\n\t\t\t\t\t<div class=\"e-gallery-image elementor-gallery-item__image\" data-thumbnail=\"https:\/\/afavirgendelcarmen.es\/wp-content\/uploads\/2023\/02\/BIBLIOTECA-03.jpg\" data-width=\"1024\" data-height=\"768\" aria-label=\"\" role=\"img\" ><\/div>\n\t\t\t\t\t\t\t\t\t\t\t<div class=\"elementor-gallery-item__overlay\"><\/div>\n\t\t\t\t\t\t\t\t\t\t\t\t\t\t<\/a>\n\t\t\t\t\t\t\t<a class=\"e-gallery-item elementor-gallery-item elementor-animated-content\" href=\"https:\/\/afavirgendelcarmen.es\/wp-content\/uploads\/2023\/02\/BIBLIOTECA-04.jpg\" data-elementor-open-lightbox=\"yes\" data-elementor-lightbox-title=\"BIBLIOTECA-04\" data-e-action-hash=\"#elementor-action%3Aaction%3Dlightbox%26settings%3DeyJpZCI6MTIyOCwidXJsIjoiaHR0cHM6XC9cL2FmYXZpcmdlbmRlbGNhcm1lbi5lc1wvd3AtY29udGVudFwvdXBsb2Fkc1wvMjAyM1wvMDJcL0JJQkxJT1RFQ0EtMDQuanBnIn0%3D\">\n\t\t\t\t\t<div class=\"e-gallery-image elementor-gallery-item__image\" data-thumbnail=\"https:\/\/afavirgendelcarmen.es\/wp-content\/uploads\/2023\/02\/BIBLIOTECA-04.jpg\" data-width=\"1024\" data-height=\"497\" aria-label=\"\" role=\"img\" ><\/div>\n\t\t\t\t\t\t\t\t\t\t\t<div class=\"elementor-gallery-item__overlay\"><\/div>\n\t\t\t\t\t\t\t\t\t\t\t\t\t\t<\/a>\n\t\t\t\t\t\t\t<a class=\"e-gallery-item elementor-gallery-item elementor-animated-content\" href=\"https:\/\/afavirgendelcarmen.es\/wp-content\/uploads\/2023\/02\/BIBLIOTECA-05.jpg\" data-elementor-open-lightbox=\"yes\" data-elementor-lightbox-title=\"BIBLIOTECA-05\" data-e-action-hash=\"#elementor-action%3Aaction%3Dlightbox%26settings%3DeyJpZCI6MTIyOSwidXJsIjoiaHR0cHM6XC9cL2FmYXZpcmdlbmRlbGNhcm1lbi5lc1wvd3AtY29udGVudFwvdXBsb2Fkc1wvMjAyM1wvMDJcL0JJQkxJT1RFQ0EtMDUuanBnIn0%3D\">\n\t\t\t\t\t<div class=\"e-gallery-image elementor-gallery-item__image\" data-thumbnail=\"https:\/\/afavirgendelcarmen.es\/wp-content\/uploads\/2023\/02\/BIBLIOTECA-05.jpg\" data-width=\"1024\" data-height=\"768\" aria-label=\"\" role=\"img\" ><\/div>\n\t\t\t\t\t\t\t\t\t\t\t<div class=\"elementor-gallery-item__overlay\"><\/div>\n\t\t\t\t\t\t\t\t\t\t\t\t\t\t<\/a>\n\t\t\t\t\t<\/div>\n\t\t\t\t\t<\/div>\n\t\t\t\t<\/div>\n\t\t\t\t\t<\/div>\n\t\t<\/div>\n\t\t\t\t\t<\/div>\n\t\t<\/section>\n\t\t\t\t<\/div>\n\t\t","protected":false},"excerpt":{"rendered":"<p>L\u2019escola estrena biblioteca renovada! tant l\u2019alumnat com el professorat s&#8217;han esfor\u00e7at molt a fer de l&#8217;antiga biblioteca un lloc m\u00e9s funcional, bonic i agradable que incita i poe\u00e8ncia l&#8217;activitat lectora; ac\u00ed\u00a0 els nostres fills i filles poden gaudir dels llibres i submergir-se en mons m\u00e0gics. Aquest meravell\u00f3s espai \u00e9s un dels quals l\u2019escola cedeix per &hellip;<\/p>\n<p class=\"read-more\"> <a class=\"ast-button\" href=\"https:\/\/afavirgendelcarmen.es\/va\/projectes\/biblioteca\/\"> <span class=\"screen-reader-text\">Biblioteca<\/span> Read More \u00bb<\/a><\/p>\n","protected":false},"author":1,"featured_media":0,"parent":2358,"menu_order":0,"comment_status":"closed","ping_status":"closed","template":"","meta":{"site-sidebar-layout":"no-sidebar","site-content-layout":"plain-container","ast-global-header-display":"","ast-main-header-display":"","ast-hfb-above-header-display":"","ast-hfb-below-header-display":"","ast-hfb-mobile-header-display":"","site-post-title":"disabled","ast-breadcrumbs-content":"","ast-featured-img":"disabled","footer-sml-layout":"","theme-transparent-header-meta":"default","adv-header-id-meta":"","stick-header-meta":"default","header-above-stick-meta":"","header-main-stick-meta":"","header-below-stick-meta":"","footnotes":""},"class_list":["post-2361","page","type-page","status-publish","hentry"],"_links":{"self":[{"href":"https:\/\/afavirgendelcarmen.es\/va\/wp-json\/wp\/v2\/pages\/2361","targetHints":{"allow":["GET"]}}],"collection":[{"href":"https:\/\/afavirgendelcarmen.es\/va\/wp-json\/wp\/v2\/pages"}],"about":[{"href":"https:\/\/afavirgendelcarmen.es\/va\/wp-json\/wp\/v2\/types\/page"}],"author":[{"embeddable":true,"href":"https:\/\/afavirgendelcarmen.es\/va\/wp-json\/wp\/v2\/users\/1"}],"replies":[{"embeddable":true,"href":"https:\/\/afavirgendelcarmen.es\/va\/wp-json\/wp\/v2\/comments?post=2361"}],"version-history":[{"count":3,"href":"https:\/\/afavirgendelcarmen.es\/va\/wp-json\/wp\/v2\/pages\/2361\/revisions"}],"predecessor-version":[{"id":2364,"href":"https:\/\/afavirgendelcarmen.es\/va\/wp-json\/wp\/v2\/pages\/2361\/revisions\/2364"}],"up":[{"embeddable":true,"href":"https:\/\/afavirgendelcarmen.es\/va\/wp-json\/wp\/v2\/pages\/2358"}],"wp:attachment":[{"href":"https:\/\/afavirgendelcarmen.es\/va\/wp-json\/wp\/v2\/media?parent=2361"}],"curies":[{"name":"wp","href":"https:\/\/api.w.org\/{rel}","templated":true}]}}