{"id":2339,"date":"2023-02-20T09:18:52","date_gmt":"2023-02-20T09:18:52","guid":{"rendered":"https:\/\/afavirgendelcarmen.es\/?page_id=2339"},"modified":"2023-03-15T17:58:26","modified_gmt":"2023-03-15T17:58:26","slug":"que-fem","status":"publish","type":"page","link":"https:\/\/afavirgendelcarmen.es\/va\/afa\/que-fem\/","title":{"rendered":"Qu\u00e8 fem?"},"content":{"rendered":"\t\t<div data-elementor-type=\"wp-page\" data-elementor-id=\"2339\" class=\"elementor elementor-2339\" data-elementor-post-type=\"page\">\n\t\t\t\t\t\t<section class=\"elementor-section elementor-top-section elementor-element elementor-element-5fb5ff6 elementor-section-boxed elementor-section-height-default elementor-section-height-default\" data-id=\"5fb5ff6\" data-element_type=\"section\" data-e-type=\"section\">\n\t\t\t\t\t\t<div class=\"elementor-container elementor-column-gap-default\">\n\t\t\t\t\t<div class=\"elementor-column elementor-col-100 elementor-top-column elementor-element elementor-element-e589de0\" data-id=\"e589de0\" data-element_type=\"column\" data-e-type=\"column\">\n\t\t\t<div class=\"elementor-widget-wrap elementor-element-populated\">\n\t\t\t\t\t\t\t<\/div>\n\t\t<\/div>\n\t\t\t\t\t<\/div>\n\t\t<\/section>\n\t\t\t\t<section class=\"elementor-section elementor-top-section elementor-element elementor-element-241c0d1 elementor-section-boxed elementor-section-height-default elementor-section-height-default\" data-id=\"241c0d1\" data-element_type=\"section\" data-e-type=\"section\">\n\t\t\t\t\t\t<div class=\"elementor-container elementor-column-gap-default\">\n\t\t\t\t\t<div class=\"elementor-column elementor-col-50 elementor-top-column elementor-element elementor-element-c8003d4\" data-id=\"c8003d4\" data-element_type=\"column\" data-e-type=\"column\">\n\t\t\t<div class=\"elementor-widget-wrap elementor-element-populated\">\n\t\t\t\t\t\t<div class=\"elementor-element elementor-element-8d04116 elementor-widget elementor-widget-image\" data-id=\"8d04116\" data-element_type=\"widget\" data-e-type=\"widget\" data-widget_type=\"image.default\">\n\t\t\t\t<div class=\"elementor-widget-container\">\n\t\t\t\t\t\t\t\t\t\t\t\t\t\t\t<img fetchpriority=\"high\" decoding=\"async\" width=\"952\" height=\"952\" src=\"https:\/\/afavirgendelcarmen.es\/wp-content\/uploads\/2023\/02\/FOTO-QUEHACEMOS.jpg\" class=\"attachment-large size-large wp-image-1168\" alt=\"\" srcset=\"https:\/\/afavirgendelcarmen.es\/wp-content\/uploads\/2023\/02\/FOTO-QUEHACEMOS.jpg 952w, https:\/\/afavirgendelcarmen.es\/wp-content\/uploads\/2023\/02\/FOTO-QUEHACEMOS-300x300.jpg 300w, https:\/\/afavirgendelcarmen.es\/wp-content\/uploads\/2023\/02\/FOTO-QUEHACEMOS-150x150.jpg 150w, https:\/\/afavirgendelcarmen.es\/wp-content\/uploads\/2023\/02\/FOTO-QUEHACEMOS-768x768.jpg 768w\" sizes=\"(max-width: 952px) 100vw, 952px\" \/>\t\t\t\t\t\t\t\t\t\t\t\t\t\t\t<\/div>\n\t\t\t\t<\/div>\n\t\t\t\t<div class=\"elementor-element elementor-element-3fef7f3 elementor-widget elementor-widget-text-editor\" data-id=\"3fef7f3\" data-element_type=\"widget\" data-e-type=\"widget\" data-widget_type=\"text-editor.default\">\n\t\t\t\t<div class=\"elementor-widget-container\">\n\t\t\t\t\t\t\t\t\t<p style=\"font-weight: 400;\"><strong>JUNTA DIRECTIVA<\/strong><\/p><ul><li style=\"font-weight: 400;\"><strong>Presidente:<\/strong> Bonifaci Mahiques<\/li><li style=\"font-weight: 400;\"><strong>Vicepresidente<\/strong>: Lloren\u00e7 Moncho<\/li><li style=\"font-weight: 400;\"><strong>Tesorero:<\/strong> Marcos Iglesias<\/li><li style=\"font-weight: 400;\"><strong>Secretaria:<\/strong> Mar Caridad<\/li><li style=\"font-weight: 400;\"><strong>Vocales<\/strong>: Marta Carrasco, Lorena Gasc\u00f3n,\u00a0 Aitor Serrano<\/li><\/ul>\t\t\t\t\t\t\t\t<\/div>\n\t\t\t\t<\/div>\n\t\t\t\t\t<\/div>\n\t\t<\/div>\n\t\t\t\t<div class=\"elementor-column elementor-col-50 elementor-top-column elementor-element elementor-element-e4bb68e\" data-id=\"e4bb68e\" data-element_type=\"column\" data-e-type=\"column\">\n\t\t\t<div class=\"elementor-widget-wrap elementor-element-populated\">\n\t\t\t\t\t\t<div class=\"elementor-element elementor-element-663abec elementor-widget elementor-widget-text-editor\" data-id=\"663abec\" data-element_type=\"widget\" data-e-type=\"widget\" data-widget_type=\"text-editor.default\">\n\t\t\t\t<div class=\"elementor-widget-container\">\n\t\t\t\t\t\t\t\t\t<p style=\"font-weight: 400;\">Som una associaci\u00f3 sense \u00e0nim de lucre formada per mares, pares i tutors legals dels alumnes que s&#8217;impliquen personalment en les activitats l\u00fadiques i culturals dels seus fills i filles.<\/p><p style=\"font-weight: 400;\">La nostra intenci\u00f3 \u00e9s crear una via de comunicaci\u00f3 directa entre el Centre i les fam\u00edlies, amb l\u2019objectiu com\u00fa d&#8217;enriquir encara m\u00e9s l&#8217;experi\u00e8ncia educativa i de conviv\u00e8ncia entre les alumnes i els alumnes.<\/p><p style=\"font-weight: 400;\">A m\u00e9s, representem i defensem els interessos de les fam\u00edlies de l&#8217;alumnat del Centre, atenent les seues opinions, suggeriments i propostes, i les traslladem seguint els llits previstos per a aix\u00f2.<\/p><p style=\"font-weight: 400;\">Tamb\u00e9 col\u00b7laborem amb tota la Comunitat Educativa i l&#8217;Equip Directiu en la soluci\u00f3 dels problemes i necessitats de l\u2019escola participant en la gesti\u00f3 del Centre, ja que l&#8217;AMPA forma part del Consell Escolar, \u00f2rgan de govern de l\u2019escola en el qual es prenen moltes de les decisions que afecten l&#8217;educaci\u00f3 dels nostres fills i filles.<\/p><p style=\"font-weight: 400;\">L&#8217;AMPA fa un seguiment del funcionament de l\u2019escola i els seus serveis (menjador, activitats extraescolars, instal\u00b7lacions, etc.), proposant millores, vetlant perqu\u00e8 al nostre centre es complisquen les condicions d&#8217;una educaci\u00f3 de qualitat i canalitzant le inquietuds de les fam\u00edlies de l&#8217;alumnat.<\/p><p style=\"font-weight: 400;\">Organitzem activitats extraescolars per a l&#8217;alumnat (esportives, art\u00edstiques, culturals, musicals i d&#8217;idiomes), que contribueixen al seu desenvolupament i educaci\u00f3, i vetlem perqu\u00e8 s&#8217;oferisquen les millors condicions de qualitat i preu a les fam\u00edlies. A m\u00e9s, oferim i gestionem tamb\u00e9 el servei de Matiners, Vesprades i Gu\u00e0rdia i Cust\u00f2dia.<\/p><p style=\"font-weight: 400;\">Duem a terme la gesti\u00f3 de celebracions i activitats l\u00fadiques per a l&#8217;alumnat i fam\u00edlies (Halloween, Nadal, Falles, el Dia del Llibre, Jornades de Conviv\u00e8ncia, tallers, xarrades i col\u00b7loquis, la festa de fi de curs, etc.), aix\u00ed com el finan\u00e7ament de diferents excursions, activitats i materials escolars.<\/p><p style=\"font-weight: 400;\">Treballem perqu\u00e8 hi haja un bon clima de conviv\u00e8ncia, promovent relacions de col\u00b7laboraci\u00f3 entre les fam\u00edlies i tamb\u00e9 entre l\u2019alumnat i altres membres de la Comunitat Educativa. Fomentem en les fam\u00edlies i en el Centre actituds i valors \u00e8tics, solidaris, democr\u00e0tics i participatius.<\/p><p style=\"font-weight: 400;\">Financem equipaments escolars, ja que les recaptacions obtingudes permeten sufragar materials per a l\u2019escola com ara pissarres digitals, material esportiu, joguets, llibres, estors i tendals per a fer ombra al pati, entre d\u2019altres.<\/p>\t\t\t\t\t\t\t\t<\/div>\n\t\t\t\t<\/div>\n\t\t\t\t\t<\/div>\n\t\t<\/div>\n\t\t\t\t\t<\/div>\n\t\t<\/section>\n\t\t\t\t<\/div>\n\t\t","protected":false},"excerpt":{"rendered":"<p>JUNTA DIRECTIVA Presidente: Bonifaci Mahiques Vicepresidente: Lloren\u00e7 Moncho Tesorero: Marcos Iglesias Secretaria: Mar Caridad Vocales: Marta Carrasco, Lorena Gasc\u00f3n,\u00a0 Aitor Serrano Som una associaci\u00f3 sense \u00e0nim de lucre formada per mares, pares i tutors legals dels alumnes que s&#8217;impliquen personalment en les activitats l\u00fadiques i culturals dels seus fills i filles. La nostra intenci\u00f3 \u00e9s &hellip;<\/p>\n<p class=\"read-more\"> <a class=\"ast-button\" href=\"https:\/\/afavirgendelcarmen.es\/va\/afa\/que-fem\/\"> <span class=\"screen-reader-text\">Qu\u00e8 fem?<\/span> Read More \u00bb<\/a><\/p>\n","protected":false},"author":1,"featured_media":0,"parent":2320,"menu_order":0,"comment_status":"closed","ping_status":"closed","template":"","meta":{"site-sidebar-layout":"no-sidebar","site-content-layout":"plain-container","ast-global-header-display":"","ast-main-header-display":"","ast-hfb-above-header-display":"","ast-hfb-below-header-display":"","ast-hfb-mobile-header-display":"","site-post-title":"disabled","ast-breadcrumbs-content":"","ast-featured-img":"disabled","footer-sml-layout":"","theme-transparent-header-meta":"default","adv-header-id-meta":"","stick-header-meta":"default","header-above-stick-meta":"","header-main-stick-meta":"","header-below-stick-meta":"","footnotes":""},"class_list":["post-2339","page","type-page","status-publish","hentry"],"_links":{"self":[{"href":"https:\/\/afavirgendelcarmen.es\/va\/wp-json\/wp\/v2\/pages\/2339","targetHints":{"allow":["GET"]}}],"collection":[{"href":"https:\/\/afavirgendelcarmen.es\/va\/wp-json\/wp\/v2\/pages"}],"about":[{"href":"https:\/\/afavirgendelcarmen.es\/va\/wp-json\/wp\/v2\/types\/page"}],"author":[{"embeddable":true,"href":"https:\/\/afavirgendelcarmen.es\/va\/wp-json\/wp\/v2\/users\/1"}],"replies":[{"embeddable":true,"href":"https:\/\/afavirgendelcarmen.es\/va\/wp-json\/wp\/v2\/comments?post=2339"}],"version-history":[{"count":3,"href":"https:\/\/afavirgendelcarmen.es\/va\/wp-json\/wp\/v2\/pages\/2339\/revisions"}],"predecessor-version":[{"id":2347,"href":"https:\/\/afavirgendelcarmen.es\/va\/wp-json\/wp\/v2\/pages\/2339\/revisions\/2347"}],"up":[{"embeddable":true,"href":"https:\/\/afavirgendelcarmen.es\/va\/wp-json\/wp\/v2\/pages\/2320"}],"wp:attachment":[{"href":"https:\/\/afavirgendelcarmen.es\/va\/wp-json\/wp\/v2\/media?parent=2339"}],"curies":[{"name":"wp","href":"https:\/\/api.w.org\/{rel}","templated":true}]}}