{"id":2336,"date":"2023-03-15T07:43:46","date_gmt":"2023-03-15T07:43:46","guid":{"rendered":"https:\/\/afavirgendelcarmen.es\/?page_id=2336"},"modified":"2023-03-15T17:57:45","modified_gmt":"2023-03-15T17:57:45","slug":"legal","status":"publish","type":"page","link":"https:\/\/afavirgendelcarmen.es\/va\/afa\/legal\/","title":{"rendered":"Legal"},"content":{"rendered":"\t\t<div data-elementor-type=\"wp-page\" data-elementor-id=\"2336\" class=\"elementor elementor-2336\" data-elementor-post-type=\"page\">\n\t\t\t\t\t\t<section class=\"elementor-section elementor-top-section elementor-element elementor-element-af8f781 elementor-section-boxed elementor-section-height-default elementor-section-height-default\" data-id=\"af8f781\" data-element_type=\"section\" data-e-type=\"section\">\n\t\t\t\t\t\t<div class=\"elementor-container elementor-column-gap-default\">\n\t\t\t\t\t<div class=\"elementor-column elementor-col-100 elementor-top-column elementor-element elementor-element-8f0b387\" data-id=\"8f0b387\" data-element_type=\"column\" data-e-type=\"column\">\n\t\t\t<div class=\"elementor-widget-wrap elementor-element-populated\">\n\t\t\t\t\t\t\t<\/div>\n\t\t<\/div>\n\t\t\t\t\t<\/div>\n\t\t<\/section>\n\t\t\t\t<section class=\"elementor-section elementor-top-section elementor-element elementor-element-5d45d18 elementor-section-boxed elementor-section-height-default elementor-section-height-default\" data-id=\"5d45d18\" data-element_type=\"section\" data-e-type=\"section\">\n\t\t\t\t\t\t<div class=\"elementor-container elementor-column-gap-default\">\n\t\t\t\t\t<div class=\"elementor-column elementor-col-100 elementor-top-column elementor-element elementor-element-30ce406\" data-id=\"30ce406\" data-element_type=\"column\" data-e-type=\"column\">\n\t\t\t<div class=\"elementor-widget-wrap elementor-element-populated\">\n\t\t\t\t\t\t<div class=\"elementor-element elementor-element-fc33381 elementor-widget elementor-widget-text-editor\" data-id=\"fc33381\" data-element_type=\"widget\" data-e-type=\"widget\" data-widget_type=\"text-editor.default\">\n\t\t\t\t<div class=\"elementor-widget-container\">\n\t\t\t\t\t\t\t\t\t<p style=\"font-weight: 400;\">CONDICIONES GENERALES AFA CEIP VIRGEN DEL CARMEN.<\/p><p style=\"font-weight: 400;\">De acuerdo con el art\u00edculo 10 de la Ley 34\/2002, de 11 de julio, de servicios de la sociedad de la informaci\u00f3n y comercio electr\u00f3nico (LSSICE), ponemos a su disposici\u00f3n la siguiente informaci\u00f3n general y los datos identificativos de la entidad titular de la web Ampa Ceip Virgen del Carmen<br \/>Titular: Ampa Ceip Virgen del Carmen<\/p><p style=\"font-weight: 400;\">Direcci\u00f3n:\u00a0Enrique D\u00e0ries, 30 46183 L\u2019Eliana<\/p><p style=\"font-weight: 400;\">E-mail:\u00a0<a href=\"mailto:ampavirgendelcarmen@hotmail.es\">ampavirgendelcarmen@hotmail.es<\/a><\/p><p style=\"font-weight: 400;\">Datos registrales aviso legal: Inscrita en Registro de Asociaciones\u00a0n\u00ba<\/p><p style=\"font-weight: 400;\">\u00a0<\/p><p style=\"font-weight: 400;\">Los contenidos de esta Web (textos, im\u00e1genes, dise\u00f1os gr\u00e1ficos, c\u00f3digo fuente, logotipos, marcas, etc.) son de titularidad exclusiva de Ampa Ceip Virgen del Carmen, est\u00e1n protegidos por la normativa reguladora de la propiedad intelectual e industrial y queda prohibida su reproducci\u00f3n, modificaci\u00f3n, distribuci\u00f3n o manipulaci\u00f3n.<br \/>En lo referente a las rese\u00f1as de servicios de terceros que puedan aparecer en la Web, Ampa Ceip Virgen del Carmen reconoce a sus titulares los correspondientes derechos de propiedad intelectual e industrial y, por lo tanto, su aparici\u00f3n en esta Web no implica la existencia de derechos sobre las citas rese\u00f1as. Las entidades organizadoras ser\u00e1n los \u00fanicos responsables, en cada caso, de la veracidad, exactitud y legalidad de sus publicaciones, siendo Ampa Ceip Virgen del Carmen un mero difusor de la misma. Los organizadores no tendr\u00e1n, en ning\u00fan caso, acceso a los datos personales del usuario.<\/p><p style=\"font-weight: 400;\">Cualquier enlace de terceros con esta Web deber\u00e1 hacerse en su p\u00e1gina principal o de entrada.<br \/>Cualquier reenv\u00edo de la informaci\u00f3n que Ampa Ceip Virgen del Carmen re\u00fane y realiza en sus p\u00e1ginas, boletines u otros dispositivos o canales de difusi\u00f3n deber\u00e1 ser citada Ampa Ceip Virgen del Carmen como difusora de dicha informaci\u00f3n. Dicha condici\u00f3n se aplica \u00fanicamente a las entidades p\u00fablicas o entidades privadas con o sin fin de lucro.<\/p><p style=\"font-weight: 400;\">En aviso legal Ampa Ceip Virgen del Carmen le informa de que dispone de un fichero automatizado con datos de car\u00e1cter personal as\u00ed como de un archivo documental. La finalidad de su creaci\u00f3n, existencia y mantenimiento es el tratamiento de datos de car\u00e1cter estad\u00edstico para dar cumplimiento a los objetivos de Ampa Ceip Virgen del Carmen. Los destinatarios de la informaci\u00f3n son todas las personas adscritas, inscritas, titulares y colaboradores de todos los departamentos, compartimientos, locales y entes asociados en los que se organiza Ampa Ceip Virgen del Carmen, as\u00ed como los estamentos oficiales que por ley exijan su cesi\u00f3n. Mediante el env\u00edo de un mensaje de correo electr\u00f3nico, as\u00ed como mediante el env\u00edo de los formularios ubicados en esta Web, el remitente presta su consentimiento para el tratamiento automatizado y documental de los datos incluidos en la base de datos antes citada. Los datos solicitados son los estrictamente necesarios para la correcta identificaci\u00f3n del remitente, as\u00ed como para llevar a cabo funciones b\u00e1sicas de administraci\u00f3n, comercializaci\u00f3n y prestaci\u00f3n de servicios de Ampa Ceip Virgen del Carmen. Finalmente, le informamos de que tiene derecho a ejercitar los derechos de oposici\u00f3n, acceso, rectificaci\u00f3n y cancelaci\u00f3n en el \u00e1mbito reconocido por la Ley org\u00e1nica 15\/1999, de 13 de diciembre. Para ejercitar estos derechos y para cualquier aclaraci\u00f3n sobre este aviso legal, puede dirigirse por correo electr\u00f3nico a Ampa Ceip Virgen del Carmen,\u00a0<a href=\"mailto:ampavirgendelcarmen@hotmail.es\"><strong>ampavirgendelcarmen@hotmail.es<\/strong><\/a><\/p>\t\t\t\t\t\t\t\t<\/div>\n\t\t\t\t<\/div>\n\t\t\t\t\t<\/div>\n\t\t<\/div>\n\t\t\t\t\t<\/div>\n\t\t<\/section>\n\t\t\t\t<section class=\"elementor-section elementor-top-section elementor-element elementor-element-d3fa6ba elementor-section-boxed elementor-section-height-default elementor-section-height-default\" data-id=\"d3fa6ba\" data-element_type=\"section\" data-e-type=\"section\">\n\t\t\t\t\t\t<div class=\"elementor-container elementor-column-gap-default\">\n\t\t\t\t\t<div class=\"elementor-column elementor-col-100 elementor-top-column elementor-element elementor-element-ff44da7\" data-id=\"ff44da7\" data-element_type=\"column\" data-e-type=\"column\">\n\t\t\t<div class=\"elementor-widget-wrap elementor-element-populated\">\n\t\t\t\t\t\t<div class=\"elementor-element elementor-element-38902d2 elementor-widget elementor-widget-text-editor\" data-id=\"38902d2\" data-element_type=\"widget\" data-e-type=\"widget\" data-widget_type=\"text-editor.default\">\n\t\t\t\t<div class=\"elementor-widget-container\">\n\t\t\t\t\t\t\t\t\t<p style=\"font-weight: 400;\"><strong>Pol\u00edtica de cookies<\/strong><\/p><p style=\"font-weight: 400;\">Una\u00a0<em>cookie<\/em>\u00a0es un peque\u00f1o fichero de texto que se almacena en su navegador cuando visita casi cualquier p\u00e1gina web. Su utilidad es que la web sea capaz de recordar su visita cuando vuelva a navegar por esa p\u00e1gina. Las\u00a0<em>cookies<\/em>\u00a0suelen almacenar informaci\u00f3n de car\u00e1cter t\u00e9cnico, preferencias personales, personalizaci\u00f3n de contenidos, estad\u00edsticas de uso, enlaces a redes sociales, acceso a cuentas de usuario, etc. El objetivo de la\u00a0<em>cookie<\/em>\u00a0es adaptar el contenido de la web a su perfil y necesidades, sin\u00a0<em>cookies<\/em>\u00a0los servicios ofrecidos por cualquier p\u00e1gina se ver\u00edan mermados notablemente. Si desea consultar m\u00e1s informaci\u00f3n sobre qu\u00e9 son las\u00a0<em>cookies<\/em>, qu\u00e9 almacenan, c\u00f3mo eliminarlas, desactivarlas, etc.,\u00a0<a href=\"http:\/\/ampanuriaespert.es\/mas-informacion-sobre-las-cookies\/\">le rogamos se dirija a este enlace.<\/a><\/p><p style=\"font-weight: 400;\"><strong>Cookies utilizadas en este sitio web<\/strong><\/p><p style=\"font-weight: 400;\">Siguiendo las directrices de la Agencia Espa\u00f1ola de Protecci\u00f3n de Datos procedemos a detallar el uso de\u00a0<em>cookies<\/em>\u00a0que hace esta web con el fin de informarle con la m\u00e1xima exactitud posible.<\/p><p style=\"font-weight: 400;\">Este sitio web utiliza las siguientes\u00a0<strong>cookies propias<\/strong>:<\/p><ul style=\"font-weight: 400;\"><li>Cookies de sesi\u00f3n, para garantizar que los usuarios que escriban comentarios en el blog sean humanos y no aplicaciones automatizadas. De esta forma se combate el\u00a0<em>spam<\/em>.<\/li><\/ul><p style=\"font-weight: 400;\">Este sitio web utiliza las siguientes\u00a0<strong>cookies de terceros<\/strong>:<\/p><ul style=\"font-weight: 400;\"><li>Google Analytics: Almacena\u00a0<em>cookies<\/em>\u00a0para poder elaborar estad\u00edsticas sobre el tr\u00e1fico y volumen de visitas de esta web. Al utilizar este sitio web est\u00e1 consintiendo el tratamiento de informaci\u00f3n acerca de usted por Google. Por tanto, el ejercicio de cualquier derecho en este sentido deber\u00e1 hacerlo comunicando directamente con Google.<\/li><li>Redes sociales: Cada red social utiliza sus propias\u00a0<em>cookies<\/em>\u00a0para que usted pueda pinchar en botones del tipo\u00a0<em>Me gusta<\/em>\u00a0o\u00a0<em>Compartir<\/em>.<\/li><\/ul><p style=\"font-weight: 400;\"><strong>Desactivaci\u00f3n o eliminaci\u00f3n de cookies<\/strong><\/p><p style=\"font-weight: 400;\">En cualquier momento podr\u00e1 ejercer su derecho de desactivaci\u00f3n o eliminaci\u00f3n de cookies de este sitio web. Estas acciones se realizan de forma diferente en funci\u00f3n del navegador que est\u00e9 usando.\u00a0<a href=\"http:\/\/ampanuriaespert.es\/mas-informacion-sobre-las-cookies\/#navegadores\">Aqu\u00ed le dejamos una gu\u00eda r\u00e1pida para los navegadores m\u00e1s populares<\/a>.<\/p><p style=\"font-weight: 400;\"><strong>Notas adicionales<\/strong><\/p><ul style=\"font-weight: 400;\"><li>Ni esta web ni sus representantes legales se hacen responsables ni del contenido ni de la veracidad de las pol\u00edticas de privacidad que puedan tener los terceros mencionados en esta pol\u00edtica de\u00a0<em>cookies<\/em>.<\/li><li>Los navegadores web son las herramientas encargadas de almacenar las\u00a0<em>cookies<\/em>\u00a0y desde este lugar debe efectuar su derecho a eliminaci\u00f3n o desactivaci\u00f3n de las mismas. Ni esta web ni sus representantes legales pueden garantizar la correcta o incorrecta manipulaci\u00f3n de las\u00a0<em>cookies<\/em>\u00a0por parte de los mencionados navegadores.<\/li><li>En algunos casos es necesario instalar\u00a0<em>cookies<\/em>\u00a0para que el navegador no olvide su decisi\u00f3n de no aceptaci\u00f3n de las mismas.<\/li><li>En el caso de las\u00a0<em>cookies<\/em>\u00a0de Google Analytics, esta empresa almacena las\u00a0<em>cookies<\/em>\u00a0en servidores ubicados en Estados Unidos y se compromete a no compartirla con terceros, excepto en los casos en los que sea necesario para el funcionamiento del sistema o cuando la ley obligue a tal efecto. Seg\u00fan Google no guarda su direcci\u00f3n IP. Google Inc. es una compa\u00f1\u00eda adherida al Acuerdo de Puerto Seguro que garantiza que todos los datos transferidos ser\u00e1n tratados con un nivel de protecci\u00f3n acorde a la normativa europea. Puede consultar informaci\u00f3n detallada a este respecto\u00a0<a href=\"http:\/\/safeharbor.export.gov\/companyinfo.aspx?id=16626\">en este enlace<\/a>. Si desea informaci\u00f3n sobre el uso que Google da a las cookies\u00a0<a href=\"https:\/\/developers.google.com\/analytics\/devguides\/collection\/analyticsjs\/cookie-usage?hl=es&amp;csw=1\">le adjuntamos este otro enlace<\/a>.<\/li><li>Para cualquier duda o consulta acerca de esta pol\u00edtica de\u00a0<em>cookies<\/em>\u00a0no dude en comunicarse con nosotros a trav\u00e9s de la secci\u00f3n de contacto.<\/li><\/ul><p style=\"font-weight: 400;\">\u00a0<\/p><p style=\"font-weight: 400;\">\u00a0<\/p>\t\t\t\t\t\t\t\t<\/div>\n\t\t\t\t<\/div>\n\t\t\t\t\t<\/div>\n\t\t<\/div>\n\t\t\t\t\t<\/div>\n\t\t<\/section>\n\t\t\t\t<\/div>\n\t\t","protected":false},"excerpt":{"rendered":"<p>CONDICIONES GENERALES AFA CEIP VIRGEN DEL CARMEN. De acuerdo con el art\u00edculo 10 de la Ley 34\/2002, de 11 de julio, de servicios de la sociedad de la informaci\u00f3n y comercio electr\u00f3nico (LSSICE), ponemos a su disposici\u00f3n la siguiente informaci\u00f3n general y los datos identificativos de la entidad titular de la web Ampa Ceip Virgen &hellip;<\/p>\n<p class=\"read-more\"> <a class=\"ast-button\" href=\"https:\/\/afavirgendelcarmen.es\/va\/afa\/legal\/\"> <span class=\"screen-reader-text\">Legal<\/span> Read More \u00bb<\/a><\/p>\n","protected":false},"author":1,"featured_media":0,"parent":2320,"menu_order":0,"comment_status":"closed","ping_status":"closed","template":"","meta":{"site-sidebar-layout":"no-sidebar","site-content-layout":"page-builder","ast-global-header-display":"","ast-main-header-display":"","ast-hfb-above-header-display":"","ast-hfb-below-header-display":"","ast-hfb-mobile-header-display":"","site-post-title":"disabled","ast-breadcrumbs-content":"","ast-featured-img":"disabled","footer-sml-layout":"","theme-transparent-header-meta":"default","adv-header-id-meta":"","stick-header-meta":"default","header-above-stick-meta":"","header-main-stick-meta":"","header-below-stick-meta":"","footnotes":""},"class_list":["post-2336","page","type-page","status-publish","hentry"],"_links":{"self":[{"href":"https:\/\/afavirgendelcarmen.es\/va\/wp-json\/wp\/v2\/pages\/2336","targetHints":{"allow":["GET"]}}],"collection":[{"href":"https:\/\/afavirgendelcarmen.es\/va\/wp-json\/wp\/v2\/pages"}],"about":[{"href":"https:\/\/afavirgendelcarmen.es\/va\/wp-json\/wp\/v2\/types\/page"}],"author":[{"embeddable":true,"href":"https:\/\/afavirgendelcarmen.es\/va\/wp-json\/wp\/v2\/users\/1"}],"replies":[{"embeddable":true,"href":"https:\/\/afavirgendelcarmen.es\/va\/wp-json\/wp\/v2\/comments?post=2336"}],"version-history":[{"count":2,"href":"https:\/\/afavirgendelcarmen.es\/va\/wp-json\/wp\/v2\/pages\/2336\/revisions"}],"predecessor-version":[{"id":2338,"href":"https:\/\/afavirgendelcarmen.es\/va\/wp-json\/wp\/v2\/pages\/2336\/revisions\/2338"}],"up":[{"embeddable":true,"href":"https:\/\/afavirgendelcarmen.es\/va\/wp-json\/wp\/v2\/pages\/2320"}],"wp:attachment":[{"href":"https:\/\/afavirgendelcarmen.es\/va\/wp-json\/wp\/v2\/media?parent=2336"}],"curies":[{"name":"wp","href":"https:\/\/api.w.org\/{rel}","templated":true}]}}