{"id":2315,"date":"2023-02-21T12:26:14","date_gmt":"2023-02-21T12:26:14","guid":{"rendered":"https:\/\/afavirgendelcarmen.es\/?page_id=2315"},"modified":"2023-03-15T17:55:08","modified_gmt":"2023-03-15T17:55:08","slug":"matiners-i-vesprades","status":"publish","type":"page","link":"https:\/\/afavirgendelcarmen.es\/va\/activitats\/matiners-i-vesprades\/","title":{"rendered":"Matiners i vesprades"},"content":{"rendered":"\t\t<div data-elementor-type=\"wp-page\" data-elementor-id=\"2315\" class=\"elementor elementor-2315\" data-elementor-post-type=\"page\">\n\t\t\t\t\t\t<section class=\"elementor-section elementor-top-section elementor-element elementor-element-d604c73 elementor-section-boxed elementor-section-height-default elementor-section-height-default\" data-id=\"d604c73\" data-element_type=\"section\" data-e-type=\"section\">\n\t\t\t\t\t\t<div class=\"elementor-container elementor-column-gap-default\">\n\t\t\t\t\t<div class=\"elementor-column elementor-col-100 elementor-top-column elementor-element elementor-element-1ce90c6\" data-id=\"1ce90c6\" data-element_type=\"column\" data-e-type=\"column\">\n\t\t\t<div class=\"elementor-widget-wrap elementor-element-populated\">\n\t\t\t\t\t\t\t<\/div>\n\t\t<\/div>\n\t\t\t\t\t<\/div>\n\t\t<\/section>\n\t\t\t\t<section class=\"elementor-section elementor-top-section elementor-element elementor-element-241c0d1 elementor-section-boxed elementor-section-height-default elementor-section-height-default\" data-id=\"241c0d1\" data-element_type=\"section\" data-e-type=\"section\">\n\t\t\t\t\t\t<div class=\"elementor-container elementor-column-gap-default\">\n\t\t\t\t\t<div class=\"elementor-column elementor-col-50 elementor-top-column elementor-element elementor-element-1e482b1\" data-id=\"1e482b1\" data-element_type=\"column\" data-e-type=\"column\">\n\t\t\t<div class=\"elementor-widget-wrap elementor-element-populated\">\n\t\t\t\t\t\t<div class=\"elementor-element elementor-element-16243a2 elementor--h-position-center elementor--v-position-middle elementor-arrows-position-inside elementor-pagination-position-inside elementor-widget elementor-widget-slides\" data-id=\"16243a2\" data-element_type=\"widget\" data-e-type=\"widget\" data-settings=\"{&quot;navigation&quot;:&quot;both&quot;,&quot;autoplay&quot;:&quot;yes&quot;,&quot;pause_on_hover&quot;:&quot;yes&quot;,&quot;pause_on_interaction&quot;:&quot;yes&quot;,&quot;autoplay_speed&quot;:5000,&quot;infinite&quot;:&quot;yes&quot;,&quot;transition&quot;:&quot;slide&quot;,&quot;transition_speed&quot;:500}\" data-widget_type=\"slides.default\">\n\t\t\t\t<div class=\"elementor-widget-container\">\n\t\t\t\t\t\t\t<div class=\"elementor-swiper\">\n\t\t\t<div class=\"elementor-slides-wrapper elementor-main-swiper swiper-container\" dir=\"ltr\" data-animation=\"fadeInUp\">\n\t\t\t\t<div class=\"swiper-wrapper elementor-slides\">\n\t\t\t\t\t\t\t\t\t\t<div class=\"elementor-repeater-item-cb18553 swiper-slide\"><div class=\"swiper-slide-bg\" role=\"img\"><\/div><div class=\"swiper-slide-inner\" ><div class=\"swiper-slide-contents\"><\/div><\/div><\/div><div class=\"elementor-repeater-item-7630882 swiper-slide\"><div class=\"swiper-slide-bg\" role=\"img\"><\/div><div class=\"swiper-slide-inner\" ><div class=\"swiper-slide-contents\"><\/div><\/div><\/div><div class=\"elementor-repeater-item-e4de5bd swiper-slide\"><div class=\"swiper-slide-bg\" role=\"img\"><\/div><div class=\"swiper-slide-inner\" ><div class=\"swiper-slide-contents\"><\/div><\/div><\/div><div class=\"elementor-repeater-item-076a267 swiper-slide\"><div class=\"swiper-slide-bg\" role=\"img\"><\/div><div class=\"swiper-slide-inner\" ><div class=\"swiper-slide-contents\"><\/div><\/div><\/div><div class=\"elementor-repeater-item-7e5a69e swiper-slide\"><div class=\"swiper-slide-bg\" role=\"img\"><\/div><div class=\"swiper-slide-inner\" ><div class=\"swiper-slide-contents\"><\/div><\/div><\/div><div class=\"elementor-repeater-item-736e909 swiper-slide\"><div class=\"swiper-slide-bg\" role=\"img\"><\/div><div class=\"swiper-slide-inner\" ><div class=\"swiper-slide-contents\"><\/div><\/div><\/div><div class=\"elementor-repeater-item-1a78625 swiper-slide\"><div class=\"swiper-slide-bg\" role=\"img\"><\/div><div class=\"swiper-slide-inner\" ><div class=\"swiper-slide-contents\"><\/div><\/div><\/div>\t\t\t\t<\/div>\n\t\t\t\t\t\t\t\t\t\t\t\t\t\t\t<div class=\"swiper-pagination\"><\/div>\n\t\t\t\t\t\t\t\t\t\t\t\t\t\t\t\t<div class=\"elementor-swiper-button elementor-swiper-button-prev\" role=\"button\" tabindex=\"0\">\n\t\t\t\t\t\t\t<i aria-hidden=\"true\" class=\"eicon-chevron-left\"><\/i>\t\t\t\t\t\t\t<span class=\"elementor-screen-only\">Previous slide<\/span>\n\t\t\t\t\t\t<\/div>\n\t\t\t\t\t\t<div class=\"elementor-swiper-button elementor-swiper-button-next\" role=\"button\" tabindex=\"0\">\n\t\t\t\t\t\t\t<i aria-hidden=\"true\" class=\"eicon-chevron-right\"><\/i>\t\t\t\t\t\t\t<span class=\"elementor-screen-only\">Next slide<\/span>\n\t\t\t\t\t\t<\/div>\n\t\t\t\t\t\t\t\t\t\t\t\t<\/div>\n\t\t<\/div>\n\t\t\t\t\t\t<\/div>\n\t\t\t\t<\/div>\n\t\t\t\t\t<\/div>\n\t\t<\/div>\n\t\t\t\t<div class=\"elementor-column elementor-col-50 elementor-top-column elementor-element elementor-element-fcfe2b6\" data-id=\"fcfe2b6\" data-element_type=\"column\" data-e-type=\"column\">\n\t\t\t<div class=\"elementor-widget-wrap elementor-element-populated\">\n\t\t\t\t\t\t<div class=\"elementor-element elementor-element-54a8c69 elementor-widget elementor-widget-text-editor\" data-id=\"54a8c69\" data-element_type=\"widget\" data-e-type=\"widget\" data-widget_type=\"text-editor.default\">\n\t\t\t\t<div class=\"elementor-widget-container\">\n\t\t\t\t\t\t\t\t\t<p style=\"font-weight: 400;\">L\u2019AMPA fa una labor de mediaci\u00f3 entre les empreses i associacions encarregades de realitzar els serveis de gu\u00e0rdia i cust\u00f2dia (matiners i vesprades).<\/p><p style=\"font-weight: 400;\">A continuaci\u00f3 teniu la informaci\u00f3 de les inscripcions, les formes de pagament i la manera de contactar-hi.<\/p><p style=\"font-weight: 400;\">L&#8217;empresa CONTALABOR ens ofereix els serveis de Matiners i Vesprades durant tot el curs escolar, de setembre a juny, que es realitzen en el centre\u00a0 mateix.<\/p><p style=\"font-weight: 400;\"><u>MATINERS SETEMBRE 2022<\/u><\/p><ul><li style=\"font-weight: 400;\">Horari: de 7.30 a 9.00 de dilluns a divendres.<\/li><li style=\"font-weight: 400;\">Preu: mes complet 37\u20ac per xiquet\/a, dies solts 6\u20ac per xiquet\/a.<\/li><\/ul><p style=\"font-weight: 400;\"><u>VESPRADES SETEMBRE 2022<\/u><\/p><ul><li style=\"font-weight: 400;\">Horari: de 15.00 a 16.30 de dilluns a divendres.<\/li><li style=\"font-weight: 400;\">Preu: mes complet 37\u20ac per xiquet\/a, dies solts 6\u20ac per xiquet\/a.<\/li><\/ul><p style=\"font-weight: 400;\"><strong>MOLT IMPORTANT<\/strong><\/p><p style=\"font-weight: 400;\">Tots els usuaris del servei han d&#8217;inscriure&#8217;s en el web de Contalabor seguint els passos seg\u00fcents:<\/p><ol><li style=\"font-weight: 400;\">Entreu en el web www.contalabor.com<\/li><li style=\"font-weight: 400;\">Accediu al punt 5, \u00abactivitats extraescolars\u00bb.<\/li><li style=\"font-weight: 400;\">Cliqueu <em>en matiners\/vesprades CEIP Verge del Carmen l&#8217;Eliana<\/em>, \u00abinformaci\u00f3 i inscripci\u00f3\u00bb.<\/li><li style=\"font-weight: 400;\">Seleccioneu el tipus de servei i empleneu les dades. Cliqueu en \u00abseg\u00fcent\u00bb.<\/li><li style=\"font-weight: 400;\">Empleneu les dades banc\u00e0ries i cliqueu en \u00abseg\u00fcent\u00bb.<\/li><li style=\"font-weight: 400;\">Envieu-lo.<\/li><\/ol><p style=\"font-weight: 400;\">A trav\u00e9s d\u2019aquest enlla\u00e7 podeu fer la inscripci\u00f3: <a href=\"https:\/\/forms.office.com\/r\/dgv9tntami\">https:\/\/forms.office.com\/r\/dgv9tntami<\/a><\/p><p style=\"font-weight: 400;\">L&#8217;empresa contactar\u00e0 amb les fam\u00edlies per correu electr\u00f2nic.<\/p><p style=\"font-weight: 400;\">Qualsevol dubte, contacteu amb ells en l\u2019adre\u00e7a electr\u00f2nica: extraescolares@contalabor.com<\/p>\t\t\t\t\t\t\t\t<\/div>\n\t\t\t\t<\/div>\n\t\t\t\t\t<\/div>\n\t\t<\/div>\n\t\t\t\t\t<\/div>\n\t\t<\/section>\n\t\t\t\t<\/div>\n\t\t","protected":false},"excerpt":{"rendered":"<p>Anterior Siguiente L\u2019AMPA fa una labor de mediaci\u00f3 entre les empreses i associacions encarregades de realitzar els serveis de gu\u00e0rdia i cust\u00f2dia (matiners i vesprades). A continuaci\u00f3 teniu la informaci\u00f3 de les inscripcions, les formes de pagament i la manera de contactar-hi. L&#8217;empresa CONTALABOR ens ofereix els serveis de Matiners i Vesprades durant tot el &hellip;<\/p>\n<p class=\"read-more\"> <a class=\"ast-button\" href=\"https:\/\/afavirgendelcarmen.es\/va\/activitats\/matiners-i-vesprades\/\"> <span class=\"screen-reader-text\">Matiners i vesprades<\/span> Read More \u00bb<\/a><\/p>\n","protected":false},"author":1,"featured_media":0,"parent":2288,"menu_order":0,"comment_status":"closed","ping_status":"closed","template":"","meta":{"site-sidebar-layout":"no-sidebar","site-content-layout":"plain-container","ast-global-header-display":"","ast-main-header-display":"","ast-hfb-above-header-display":"","ast-hfb-below-header-display":"","ast-hfb-mobile-header-display":"","site-post-title":"disabled","ast-breadcrumbs-content":"","ast-featured-img":"disabled","footer-sml-layout":"","theme-transparent-header-meta":"default","adv-header-id-meta":"","stick-header-meta":"default","header-above-stick-meta":"","header-main-stick-meta":"","header-below-stick-meta":"","footnotes":""},"class_list":["post-2315","page","type-page","status-publish","hentry"],"_links":{"self":[{"href":"https:\/\/afavirgendelcarmen.es\/va\/wp-json\/wp\/v2\/pages\/2315","targetHints":{"allow":["GET"]}}],"collection":[{"href":"https:\/\/afavirgendelcarmen.es\/va\/wp-json\/wp\/v2\/pages"}],"about":[{"href":"https:\/\/afavirgendelcarmen.es\/va\/wp-json\/wp\/v2\/types\/page"}],"author":[{"embeddable":true,"href":"https:\/\/afavirgendelcarmen.es\/va\/wp-json\/wp\/v2\/users\/1"}],"replies":[{"embeddable":true,"href":"https:\/\/afavirgendelcarmen.es\/va\/wp-json\/wp\/v2\/comments?post=2315"}],"version-history":[{"count":3,"href":"https:\/\/afavirgendelcarmen.es\/va\/wp-json\/wp\/v2\/pages\/2315\/revisions"}],"predecessor-version":[{"id":2319,"href":"https:\/\/afavirgendelcarmen.es\/va\/wp-json\/wp\/v2\/pages\/2315\/revisions\/2319"}],"up":[{"embeddable":true,"href":"https:\/\/afavirgendelcarmen.es\/va\/wp-json\/wp\/v2\/pages\/2288"}],"wp:attachment":[{"href":"https:\/\/afavirgendelcarmen.es\/va\/wp-json\/wp\/v2\/media?parent=2315"}],"curies":[{"name":"wp","href":"https:\/\/api.w.org\/{rel}","templated":true}]}}