{"id":2298,"date":"2023-02-21T17:15:17","date_gmt":"2023-02-21T17:15:17","guid":{"rendered":"https:\/\/afavirgendelcarmen.es\/?page_id=2298"},"modified":"2023-03-15T17:53:16","modified_gmt":"2023-03-15T17:53:16","slug":"extraescolars","status":"publish","type":"page","link":"https:\/\/afavirgendelcarmen.es\/va\/activitats\/extraescolars\/","title":{"rendered":"Extraescolars"},"content":{"rendered":"\t\t<div data-elementor-type=\"wp-page\" data-elementor-id=\"2298\" class=\"elementor elementor-2298\" data-elementor-post-type=\"page\">\n\t\t\t\t\t\t<section class=\"elementor-section elementor-top-section elementor-element elementor-element-cd8de75 elementor-section-boxed elementor-section-height-default elementor-section-height-default\" data-id=\"cd8de75\" data-element_type=\"section\" data-e-type=\"section\">\n\t\t\t\t\t\t<div class=\"elementor-container elementor-column-gap-default\">\n\t\t\t\t\t<div class=\"elementor-column elementor-col-100 elementor-top-column elementor-element elementor-element-0f66aeb\" data-id=\"0f66aeb\" data-element_type=\"column\" data-e-type=\"column\">\n\t\t\t<div class=\"elementor-widget-wrap elementor-element-populated\">\n\t\t\t\t\t\t\t<\/div>\n\t\t<\/div>\n\t\t\t\t\t<\/div>\n\t\t<\/section>\n\t\t\t\t<section class=\"elementor-section elementor-top-section elementor-element elementor-element-e2f9081 elementor-section-boxed elementor-section-height-default elementor-section-height-default\" data-id=\"e2f9081\" data-element_type=\"section\" data-e-type=\"section\">\n\t\t\t\t\t\t<div class=\"elementor-container elementor-column-gap-default\">\n\t\t\t\t\t<div class=\"elementor-column elementor-col-50 elementor-top-column elementor-element elementor-element-9a8ab04\" data-id=\"9a8ab04\" data-element_type=\"column\" data-e-type=\"column\">\n\t\t\t<div class=\"elementor-widget-wrap elementor-element-populated\">\n\t\t\t\t\t\t<div class=\"elementor-element elementor-element-ed86a30 elementor-widget elementor-widget-image\" data-id=\"ed86a30\" data-element_type=\"widget\" data-e-type=\"widget\" data-widget_type=\"image.default\">\n\t\t\t\t<div class=\"elementor-widget-container\">\n\t\t\t\t\t\t\t\t\t\t\t\t\t\t\t<img fetchpriority=\"high\" decoding=\"async\" width=\"900\" height=\"726\" src=\"https:\/\/afavirgendelcarmen.es\/wp-content\/uploads\/2023\/02\/foto-extraescolares.jpg\" class=\"attachment-large size-large wp-image-861\" alt=\"\" srcset=\"https:\/\/afavirgendelcarmen.es\/wp-content\/uploads\/2023\/02\/foto-extraescolares.jpg 900w, https:\/\/afavirgendelcarmen.es\/wp-content\/uploads\/2023\/02\/foto-extraescolares-300x242.jpg 300w, https:\/\/afavirgendelcarmen.es\/wp-content\/uploads\/2023\/02\/foto-extraescolares-768x620.jpg 768w\" sizes=\"(max-width: 900px) 100vw, 900px\" \/>\t\t\t\t\t\t\t\t\t\t\t\t\t\t\t<\/div>\n\t\t\t\t<\/div>\n\t\t\t\t\t<\/div>\n\t\t<\/div>\n\t\t\t\t<div class=\"elementor-column elementor-col-50 elementor-top-column elementor-element elementor-element-ee9dbae\" data-id=\"ee9dbae\" data-element_type=\"column\" data-e-type=\"column\">\n\t\t\t<div class=\"elementor-widget-wrap elementor-element-populated\">\n\t\t\t\t\t\t<div class=\"elementor-element elementor-element-f7c0d01 elementor-widget elementor-widget-text-editor\" data-id=\"f7c0d01\" data-element_type=\"widget\" data-e-type=\"widget\" data-widget_type=\"text-editor.default\">\n\t\t\t\t<div class=\"elementor-widget-container\">\n\t\t\t\t\t\t\t\t\t<p style=\"font-weight: 400;\">L&#8217;Associaci\u00f3 de fam\u00edlies organitza i coordina cada curs escolar les activitats extraescolars que es realitzen en acabar les classes. Tractem d&#8217;oferir un ampli ventall d&#8217;activitats de manera que l\u2019alumnat puga gaudir de varietat, tenint en compte les possibilitats del centre. A continuaci\u00f3 teniu tota la informaci\u00f3 de les diferents empreses, escoles i associacions que realitzen les activitats. La inscripci\u00f3 i el pagament es realitza directament amb l&#8217;entitat organitzadora de cada activitat extraescolar. Podeu contactar amb l&#8217;Associaci\u00f3 de Fam\u00edlies per a qualsevol consulta.<\/p>\t\t\t\t\t\t\t\t<\/div>\n\t\t\t\t<\/div>\n\t\t\t\t<div class=\"elementor-element elementor-element-68d77be elementor-widget elementor-widget-text-editor\" data-id=\"68d77be\" data-element_type=\"widget\" data-e-type=\"widget\" data-widget_type=\"text-editor.default\">\n\t\t\t\t<div class=\"elementor-widget-container\">\n\t\t\t\t\t\t\t\t\t<p style=\"font-weight: 400;\">La recollida es realitza en acabar l&#8217;activitat, per la porta del carrer Joan XXIII.<\/p><p style=\"font-weight: 400;\">En l&#8217;horari de l&#8217;activitat s&#8217;inclouen 15 min per a aquells alumnes que vulguen berenar, el berenar s\u2019ha de dur de casa.<\/p>\t\t\t\t\t\t\t\t<\/div>\n\t\t\t\t<\/div>\n\t\t\t\t\t<\/div>\n\t\t<\/div>\n\t\t\t\t\t<\/div>\n\t\t<\/section>\n\t\t\t\t<section class=\"elementor-section elementor-top-section elementor-element elementor-element-a431df4 elementor-section-boxed elementor-section-height-default elementor-section-height-default\" data-id=\"a431df4\" data-element_type=\"section\" data-e-type=\"section\">\n\t\t\t\t\t\t<div class=\"elementor-container elementor-column-gap-default\">\n\t\t\t\t\t<div class=\"elementor-column elementor-col-100 elementor-top-column elementor-element elementor-element-d10c007\" data-id=\"d10c007\" data-element_type=\"column\" data-e-type=\"column\">\n\t\t\t<div class=\"elementor-widget-wrap\">\n\t\t\t\t\t\t\t<\/div>\n\t\t<\/div>\n\t\t\t\t\t<\/div>\n\t\t<\/section>\n\t\t\t\t<section class=\"elementor-section elementor-top-section elementor-element elementor-element-df85bec elementor-section-boxed elementor-section-height-default elementor-section-height-default\" data-id=\"df85bec\" data-element_type=\"section\" data-e-type=\"section\">\n\t\t\t\t\t\t<div class=\"elementor-container elementor-column-gap-default\">\n\t\t\t\t\t<div class=\"elementor-column elementor-col-100 elementor-top-column elementor-element elementor-element-2a82fc9\" data-id=\"2a82fc9\" data-element_type=\"column\" data-e-type=\"column\">\n\t\t\t<div class=\"elementor-widget-wrap elementor-element-populated\">\n\t\t\t\t\t\t<div class=\"elementor-element elementor-element-49ec76d elementor-widget elementor-widget-image\" data-id=\"49ec76d\" data-element_type=\"widget\" data-e-type=\"widget\" data-widget_type=\"image.default\">\n\t\t\t\t<div class=\"elementor-widget-container\">\n\t\t\t\t\t\t\t\t\t\t\t\t\t\t\t<img decoding=\"async\" width=\"900\" height=\"498\" src=\"https:\/\/afavirgendelcarmen.es\/wp-content\/uploads\/2023\/02\/tabla.jpg\" class=\"attachment-large size-large wp-image-771\" alt=\"\" srcset=\"https:\/\/afavirgendelcarmen.es\/wp-content\/uploads\/2023\/02\/tabla.jpg 900w, https:\/\/afavirgendelcarmen.es\/wp-content\/uploads\/2023\/02\/tabla-300x166.jpg 300w, https:\/\/afavirgendelcarmen.es\/wp-content\/uploads\/2023\/02\/tabla-768x425.jpg 768w\" sizes=\"(max-width: 900px) 100vw, 900px\" \/>\t\t\t\t\t\t\t\t\t\t\t\t\t\t\t<\/div>\n\t\t\t\t<\/div>\n\t\t\t\t\t<\/div>\n\t\t<\/div>\n\t\t\t\t\t<\/div>\n\t\t<\/section>\n\t\t\t\t<section class=\"elementor-section elementor-top-section elementor-element elementor-element-5ba8ea9 elementor-section-boxed elementor-section-height-default elementor-section-height-default\" data-id=\"5ba8ea9\" data-element_type=\"section\" data-e-type=\"section\">\n\t\t\t\t\t\t<div class=\"elementor-container elementor-column-gap-default\">\n\t\t\t\t\t<div class=\"elementor-column elementor-col-100 elementor-top-column elementor-element elementor-element-1909a90\" data-id=\"1909a90\" data-element_type=\"column\" data-e-type=\"column\">\n\t\t\t<div class=\"elementor-widget-wrap elementor-element-populated\">\n\t\t\t\t\t\t<div class=\"elementor-element elementor-element-52bfe26 elementor-widget elementor-widget-image\" data-id=\"52bfe26\" data-element_type=\"widget\" data-e-type=\"widget\" data-widget_type=\"image.default\">\n\t\t\t\t<div class=\"elementor-widget-container\">\n\t\t\t\t\t\t\t\t\t\t\t\t\t\t\t<img decoding=\"async\" width=\"724\" height=\"1024\" src=\"https:\/\/afavirgendelcarmen.es\/wp-content\/uploads\/2023\/02\/extraescolares-724x1024.jpg\" class=\"attachment-large size-large wp-image-540\" alt=\"\" srcset=\"https:\/\/afavirgendelcarmen.es\/wp-content\/uploads\/2023\/02\/extraescolares-724x1024.jpg 724w, https:\/\/afavirgendelcarmen.es\/wp-content\/uploads\/2023\/02\/extraescolares-212x300.jpg 212w, https:\/\/afavirgendelcarmen.es\/wp-content\/uploads\/2023\/02\/extraescolares-768x1086.jpg 768w, https:\/\/afavirgendelcarmen.es\/wp-content\/uploads\/2023\/02\/extraescolares.jpg 800w\" sizes=\"(max-width: 724px) 100vw, 724px\" \/>\t\t\t\t\t\t\t\t\t\t\t\t\t\t\t<\/div>\n\t\t\t\t<\/div>\n\t\t\t\t\t<\/div>\n\t\t<\/div>\n\t\t\t\t\t<\/div>\n\t\t<\/section>\n\t\t\t\t<section class=\"elementor-section elementor-top-section elementor-element elementor-element-721eace elementor-section-boxed elementor-section-height-default elementor-section-height-default\" data-id=\"721eace\" data-element_type=\"section\" data-e-type=\"section\">\n\t\t\t\t\t\t<div class=\"elementor-container elementor-column-gap-default\">\n\t\t\t\t\t<div class=\"elementor-column elementor-col-100 elementor-top-column elementor-element elementor-element-9ad27fc\" data-id=\"9ad27fc\" data-element_type=\"column\" data-e-type=\"column\">\n\t\t\t<div class=\"elementor-widget-wrap elementor-element-populated\">\n\t\t\t\t\t\t<div class=\"elementor-element elementor-element-78f6a55 elementor-widget elementor-widget-image\" data-id=\"78f6a55\" data-element_type=\"widget\" data-e-type=\"widget\" data-widget_type=\"image.default\">\n\t\t\t\t<div class=\"elementor-widget-container\">\n\t\t\t\t\t\t\t\t\t\t\t\t\t\t\t<img loading=\"lazy\" decoding=\"async\" width=\"800\" height=\"687\" src=\"https:\/\/afavirgendelcarmen.es\/wp-content\/uploads\/2023\/02\/extraescolares-karate.jpg\" class=\"attachment-large size-large wp-image-541\" alt=\"\" srcset=\"https:\/\/afavirgendelcarmen.es\/wp-content\/uploads\/2023\/02\/extraescolares-karate.jpg 800w, https:\/\/afavirgendelcarmen.es\/wp-content\/uploads\/2023\/02\/extraescolares-karate-300x258.jpg 300w, https:\/\/afavirgendelcarmen.es\/wp-content\/uploads\/2023\/02\/extraescolares-karate-768x660.jpg 768w\" sizes=\"(max-width: 800px) 100vw, 800px\" \/>\t\t\t\t\t\t\t\t\t\t\t\t\t\t\t<\/div>\n\t\t\t\t<\/div>\n\t\t\t\t\t<\/div>\n\t\t<\/div>\n\t\t\t\t\t<\/div>\n\t\t<\/section>\n\t\t\t\t<section class=\"elementor-section elementor-top-section elementor-element elementor-element-4edf21f elementor-section-boxed elementor-section-height-default elementor-section-height-default\" data-id=\"4edf21f\" data-element_type=\"section\" data-e-type=\"section\">\n\t\t\t\t\t\t<div class=\"elementor-container elementor-column-gap-default\">\n\t\t\t\t\t<div class=\"elementor-column elementor-col-100 elementor-top-column elementor-element elementor-element-c34fd83\" data-id=\"c34fd83\" data-element_type=\"column\" data-e-type=\"column\">\n\t\t\t<div class=\"elementor-widget-wrap elementor-element-populated\">\n\t\t\t\t\t\t<div class=\"elementor-element elementor-element-30aabf8 elementor-widget elementor-widget-image\" data-id=\"30aabf8\" data-element_type=\"widget\" data-e-type=\"widget\" data-widget_type=\"image.default\">\n\t\t\t\t<div class=\"elementor-widget-container\">\n\t\t\t\t\t\t\t\t\t\t\t\t\t\t\t<img loading=\"lazy\" decoding=\"async\" width=\"800\" height=\"717\" src=\"https:\/\/afavirgendelcarmen.es\/wp-content\/uploads\/2023\/02\/extraescolares-danza.jpg\" class=\"attachment-large size-large wp-image-542\" alt=\"\" srcset=\"https:\/\/afavirgendelcarmen.es\/wp-content\/uploads\/2023\/02\/extraescolares-danza.jpg 800w, https:\/\/afavirgendelcarmen.es\/wp-content\/uploads\/2023\/02\/extraescolares-danza-300x269.jpg 300w, https:\/\/afavirgendelcarmen.es\/wp-content\/uploads\/2023\/02\/extraescolares-danza-768x688.jpg 768w\" sizes=\"(max-width: 800px) 100vw, 800px\" \/>\t\t\t\t\t\t\t\t\t\t\t\t\t\t\t<\/div>\n\t\t\t\t<\/div>\n\t\t\t\t\t<\/div>\n\t\t<\/div>\n\t\t\t\t\t<\/div>\n\t\t<\/section>\n\t\t\t\t<section class=\"elementor-section elementor-top-section elementor-element elementor-element-357b25c elementor-section-boxed elementor-section-height-default elementor-section-height-default\" data-id=\"357b25c\" data-element_type=\"section\" data-e-type=\"section\">\n\t\t\t\t\t\t<div class=\"elementor-container elementor-column-gap-default\">\n\t\t\t\t\t<div class=\"elementor-column elementor-col-100 elementor-top-column elementor-element elementor-element-edc82f3\" data-id=\"edc82f3\" data-element_type=\"column\" data-e-type=\"column\">\n\t\t\t<div class=\"elementor-widget-wrap elementor-element-populated\">\n\t\t\t\t\t\t<div class=\"elementor-element elementor-element-f468114 elementor-widget elementor-widget-image\" data-id=\"f468114\" data-element_type=\"widget\" data-e-type=\"widget\" data-widget_type=\"image.default\">\n\t\t\t\t<div class=\"elementor-widget-container\">\n\t\t\t\t\t\t\t\t\t\t\t\t\t\t\t<img loading=\"lazy\" decoding=\"async\" width=\"738\" height=\"568\" src=\"https:\/\/afavirgendelcarmen.es\/wp-content\/uploads\/2023\/02\/extraescolares-inscripcion.jpg\" class=\"attachment-large size-large wp-image-543\" alt=\"\" srcset=\"https:\/\/afavirgendelcarmen.es\/wp-content\/uploads\/2023\/02\/extraescolares-inscripcion.jpg 738w, https:\/\/afavirgendelcarmen.es\/wp-content\/uploads\/2023\/02\/extraescolares-inscripcion-300x231.jpg 300w\" sizes=\"(max-width: 738px) 100vw, 738px\" \/>\t\t\t\t\t\t\t\t\t\t\t\t\t\t\t<\/div>\n\t\t\t\t<\/div>\n\t\t\t\t\t<\/div>\n\t\t<\/div>\n\t\t\t\t\t<\/div>\n\t\t<\/section>\n\t\t\t\t<section class=\"elementor-section elementor-top-section elementor-element elementor-element-6f3ddac elementor-section-boxed elementor-section-height-default elementor-section-height-default\" data-id=\"6f3ddac\" data-element_type=\"section\" data-e-type=\"section\">\n\t\t\t\t\t\t<div class=\"elementor-container elementor-column-gap-default\">\n\t\t\t\t\t<div class=\"elementor-column elementor-col-100 elementor-top-column elementor-element elementor-element-4cb7469\" data-id=\"4cb7469\" data-element_type=\"column\" data-e-type=\"column\">\n\t\t\t<div class=\"elementor-widget-wrap elementor-element-populated\">\n\t\t\t\t\t\t<div class=\"elementor-element elementor-element-6bc3d13 elementor-widget elementor-widget-image\" data-id=\"6bc3d13\" data-element_type=\"widget\" data-e-type=\"widget\" data-widget_type=\"image.default\">\n\t\t\t\t<div class=\"elementor-widget-container\">\n\t\t\t\t\t\t\t\t\t\t\t\t\t\t\t<img loading=\"lazy\" decoding=\"async\" width=\"724\" height=\"1024\" src=\"https:\/\/afavirgendelcarmen.es\/wp-content\/uploads\/2023\/02\/EXTRAESCOLARES-INGLES-724x1024.jpg\" class=\"attachment-large size-large wp-image-699\" alt=\"\" srcset=\"https:\/\/afavirgendelcarmen.es\/wp-content\/uploads\/2023\/02\/EXTRAESCOLARES-INGLES-724x1024.jpg 724w, https:\/\/afavirgendelcarmen.es\/wp-content\/uploads\/2023\/02\/EXTRAESCOLARES-INGLES-212x300.jpg 212w, https:\/\/afavirgendelcarmen.es\/wp-content\/uploads\/2023\/02\/EXTRAESCOLARES-INGLES-768x1086.jpg 768w, https:\/\/afavirgendelcarmen.es\/wp-content\/uploads\/2023\/02\/EXTRAESCOLARES-INGLES-1086x1536.jpg 1086w, https:\/\/afavirgendelcarmen.es\/wp-content\/uploads\/2023\/02\/EXTRAESCOLARES-INGLES.jpg 1131w\" sizes=\"(max-width: 724px) 100vw, 724px\" \/>\t\t\t\t\t\t\t\t\t\t\t\t\t\t\t<\/div>\n\t\t\t\t<\/div>\n\t\t\t\t\t<\/div>\n\t\t<\/div>\n\t\t\t\t\t<\/div>\n\t\t<\/section>\n\t\t\t\t<section class=\"elementor-section elementor-top-section elementor-element elementor-element-6017e73 elementor-section-boxed elementor-section-height-default elementor-section-height-default\" data-id=\"6017e73\" data-element_type=\"section\" data-e-type=\"section\">\n\t\t\t\t\t\t<div class=\"elementor-container elementor-column-gap-default\">\n\t\t\t\t\t<div class=\"elementor-column elementor-col-100 elementor-top-column elementor-element elementor-element-b71034e\" data-id=\"b71034e\" data-element_type=\"column\" data-e-type=\"column\">\n\t\t\t<div class=\"elementor-widget-wrap elementor-element-populated\">\n\t\t\t\t\t\t<div class=\"elementor-element elementor-element-54e5c64 elementor-widget elementor-widget-image\" data-id=\"54e5c64\" data-element_type=\"widget\" data-e-type=\"widget\" data-widget_type=\"image.default\">\n\t\t\t\t<div class=\"elementor-widget-container\">\n\t\t\t\t\t\t\t\t\t\t\t\t\t\t\t<img loading=\"lazy\" decoding=\"async\" width=\"725\" height=\"1024\" src=\"https:\/\/afavirgendelcarmen.es\/wp-content\/uploads\/2023\/02\/AJEDREZ-725x1024.jpg\" class=\"attachment-large size-large wp-image-703\" alt=\"\" srcset=\"https:\/\/afavirgendelcarmen.es\/wp-content\/uploads\/2023\/02\/AJEDREZ-725x1024.jpg 725w, https:\/\/afavirgendelcarmen.es\/wp-content\/uploads\/2023\/02\/AJEDREZ-212x300.jpg 212w, https:\/\/afavirgendelcarmen.es\/wp-content\/uploads\/2023\/02\/AJEDREZ-768x1085.jpg 768w, https:\/\/afavirgendelcarmen.es\/wp-content\/uploads\/2023\/02\/AJEDREZ.jpg 842w\" sizes=\"(max-width: 725px) 100vw, 725px\" \/>\t\t\t\t\t\t\t\t\t\t\t\t\t\t\t<\/div>\n\t\t\t\t<\/div>\n\t\t\t\t\t<\/div>\n\t\t<\/div>\n\t\t\t\t\t<\/div>\n\t\t<\/section>\n\t\t\t\t<\/div>\n\t\t","protected":false},"excerpt":{"rendered":"<p>L&#8217;Associaci\u00f3 de fam\u00edlies organitza i coordina cada curs escolar les activitats extraescolars que es realitzen en acabar les classes. Tractem d&#8217;oferir un ampli ventall d&#8217;activitats de manera que l\u2019alumnat puga gaudir de varietat, tenint en compte les possibilitats del centre. A continuaci\u00f3 teniu tota la informaci\u00f3 de les diferents empreses, escoles i associacions que realitzen &hellip;<\/p>\n<p class=\"read-more\"> <a class=\"ast-button\" href=\"https:\/\/afavirgendelcarmen.es\/va\/activitats\/extraescolars\/\"> <span class=\"screen-reader-text\">Extraescolars<\/span> Read More \u00bb<\/a><\/p>\n","protected":false},"author":1,"featured_media":0,"parent":2288,"menu_order":0,"comment_status":"closed","ping_status":"closed","template":"","meta":{"site-sidebar-layout":"no-sidebar","site-content-layout":"plain-container","ast-global-header-display":"","ast-main-header-display":"","ast-hfb-above-header-display":"","ast-hfb-below-header-display":"","ast-hfb-mobile-header-display":"","site-post-title":"disabled","ast-breadcrumbs-content":"","ast-featured-img":"disabled","footer-sml-layout":"","theme-transparent-header-meta":"default","adv-header-id-meta":"","stick-header-meta":"default","header-above-stick-meta":"","header-main-stick-meta":"","header-below-stick-meta":"","footnotes":""},"class_list":["post-2298","page","type-page","status-publish","hentry"],"_links":{"self":[{"href":"https:\/\/afavirgendelcarmen.es\/va\/wp-json\/wp\/v2\/pages\/2298","targetHints":{"allow":["GET"]}}],"collection":[{"href":"https:\/\/afavirgendelcarmen.es\/va\/wp-json\/wp\/v2\/pages"}],"about":[{"href":"https:\/\/afavirgendelcarmen.es\/va\/wp-json\/wp\/v2\/types\/page"}],"author":[{"embeddable":true,"href":"https:\/\/afavirgendelcarmen.es\/va\/wp-json\/wp\/v2\/users\/1"}],"replies":[{"embeddable":true,"href":"https:\/\/afavirgendelcarmen.es\/va\/wp-json\/wp\/v2\/comments?post=2298"}],"version-history":[{"count":2,"href":"https:\/\/afavirgendelcarmen.es\/va\/wp-json\/wp\/v2\/pages\/2298\/revisions"}],"predecessor-version":[{"id":2300,"href":"https:\/\/afavirgendelcarmen.es\/va\/wp-json\/wp\/v2\/pages\/2298\/revisions\/2300"}],"up":[{"embeddable":true,"href":"https:\/\/afavirgendelcarmen.es\/va\/wp-json\/wp\/v2\/pages\/2288"}],"wp:attachment":[{"href":"https:\/\/afavirgendelcarmen.es\/va\/wp-json\/wp\/v2\/media?parent=2298"}],"curies":[{"name":"wp","href":"https:\/\/api.w.org\/{rel}","templated":true}]}}