{"id":2292,"date":"2023-02-21T12:28:41","date_gmt":"2023-02-21T12:28:41","guid":{"rendered":"https:\/\/afavirgendelcarmen.es\/?page_id=2292"},"modified":"2023-03-22T17:42:31","modified_gmt":"2023-03-22T17:42:31","slug":"escoles-de-vacances","status":"publish","type":"page","link":"https:\/\/afavirgendelcarmen.es\/va\/activitats\/escoles-de-vacances\/","title":{"rendered":"Escoles de vacances"},"content":{"rendered":"\t\t<div data-elementor-type=\"wp-page\" data-elementor-id=\"2292\" class=\"elementor elementor-2292\" data-elementor-post-type=\"page\">\n\t\t\t\t\t\t<section class=\"elementor-section elementor-top-section elementor-element elementor-element-6150324 elementor-section-boxed elementor-section-height-default elementor-section-height-default\" data-id=\"6150324\" data-element_type=\"section\" data-e-type=\"section\">\n\t\t\t\t\t\t<div class=\"elementor-container elementor-column-gap-default\">\n\t\t\t\t\t<div class=\"elementor-column elementor-col-100 elementor-top-column elementor-element elementor-element-25e7667\" data-id=\"25e7667\" data-element_type=\"column\" data-e-type=\"column\">\n\t\t\t<div class=\"elementor-widget-wrap elementor-element-populated\">\n\t\t\t\t\t\t\t<\/div>\n\t\t<\/div>\n\t\t\t\t\t<\/div>\n\t\t<\/section>\n\t\t\t\t<section class=\"elementor-section elementor-top-section elementor-element elementor-element-8c01f12 elementor-section-boxed elementor-section-height-default elementor-section-height-default\" data-id=\"8c01f12\" data-element_type=\"section\" data-e-type=\"section\">\n\t\t\t\t\t\t<div class=\"elementor-container elementor-column-gap-default\">\n\t\t\t\t\t<div class=\"elementor-column elementor-col-50 elementor-top-column elementor-element elementor-element-5e0b89d\" data-id=\"5e0b89d\" data-element_type=\"column\" data-e-type=\"column\">\n\t\t\t<div class=\"elementor-widget-wrap elementor-element-populated\">\n\t\t\t\t\t\t<div class=\"elementor-element elementor-element-4343574 elementor-widget elementor-widget-image\" data-id=\"4343574\" data-element_type=\"widget\" data-e-type=\"widget\" data-widget_type=\"image.default\">\n\t\t\t\t<div class=\"elementor-widget-container\">\n\t\t\t\t\t\t\t\t\t\t\t\t\t\t\t<img fetchpriority=\"high\" decoding=\"async\" width=\"953\" height=\"635\" src=\"https:\/\/afavirgendelcarmen.es\/wp-content\/uploads\/2023\/02\/foto-vacaciones.jpg\" class=\"attachment-large size-large wp-image-870\" alt=\"\" srcset=\"https:\/\/afavirgendelcarmen.es\/wp-content\/uploads\/2023\/02\/foto-vacaciones.jpg 953w, https:\/\/afavirgendelcarmen.es\/wp-content\/uploads\/2023\/02\/foto-vacaciones-300x200.jpg 300w, https:\/\/afavirgendelcarmen.es\/wp-content\/uploads\/2023\/02\/foto-vacaciones-768x512.jpg 768w\" sizes=\"(max-width: 953px) 100vw, 953px\" \/>\t\t\t\t\t\t\t\t\t\t\t\t\t\t\t<\/div>\n\t\t\t\t<\/div>\n\t\t\t\t\t<\/div>\n\t\t<\/div>\n\t\t\t\t<div class=\"elementor-column elementor-col-50 elementor-top-column elementor-element elementor-element-f8ecb1b\" data-id=\"f8ecb1b\" data-element_type=\"column\" data-e-type=\"column\">\n\t\t\t<div class=\"elementor-widget-wrap elementor-element-populated\">\n\t\t\t\t\t\t<div class=\"elementor-element elementor-element-601493c elementor-widget elementor-widget-text-editor\" data-id=\"601493c\" data-element_type=\"widget\" data-e-type=\"widget\" data-widget_type=\"text-editor.default\">\n\t\t\t\t<div class=\"elementor-widget-container\">\n\t\t\t\t\t\t\t\t\t<p style=\"font-weight: 400;\">L\u2019 Associaci\u00f3 de fam\u00edlies coordina i organitza la realitzaci\u00f3 d&#8217;escoles durant els per\u00edodes vacacionals per a ajudar a la conciliaci\u00f3 familiar.\u00a0<\/p>\t\t\t\t\t\t\t\t<\/div>\n\t\t\t\t<\/div>\n\t\t\t\t\t<\/div>\n\t\t<\/div>\n\t\t\t\t\t<\/div>\n\t\t<\/section>\n\t\t\t\t<section class=\"elementor-section elementor-top-section elementor-element elementor-element-241c0d1 elementor-section-boxed elementor-section-height-default elementor-section-height-default\" data-id=\"241c0d1\" data-element_type=\"section\" data-e-type=\"section\">\n\t\t\t\t\t\t<div class=\"elementor-container elementor-column-gap-default\">\n\t\t\t\t\t<div class=\"elementor-column elementor-col-100 elementor-top-column elementor-element elementor-element-e4bb68e\" data-id=\"e4bb68e\" data-element_type=\"column\" data-e-type=\"column\">\n\t\t\t<div class=\"elementor-widget-wrap\">\n\t\t\t\t\t\t\t<\/div>\n\t\t<\/div>\n\t\t\t\t\t<\/div>\n\t\t<\/section>\n\t\t\t\t<section class=\"elementor-section elementor-top-section elementor-element elementor-element-7d3351c elementor-section-boxed elementor-section-height-default elementor-section-height-default\" data-id=\"7d3351c\" data-element_type=\"section\" data-e-type=\"section\">\n\t\t\t\t\t\t<div class=\"elementor-container elementor-column-gap-default\">\n\t\t\t\t\t<div class=\"elementor-column elementor-col-100 elementor-top-column elementor-element elementor-element-10f0642\" data-id=\"10f0642\" data-element_type=\"column\" data-e-type=\"column\">\n\t\t\t<div class=\"elementor-widget-wrap elementor-element-populated\">\n\t\t\t\t\t\t<div class=\"elementor-element elementor-element-e6118ef elementor-widget elementor-widget-image\" data-id=\"e6118ef\" data-element_type=\"widget\" data-e-type=\"widget\" data-widget_type=\"image.default\">\n\t\t\t\t<div class=\"elementor-widget-container\">\n\t\t\t\t\t\t\t\t\t\t\t\t\t\t\t<img decoding=\"async\" width=\"800\" height=\"1132\" src=\"https:\/\/afavirgendelcarmen.es\/wp-content\/uploads\/2023\/03\/CARTEL-E.PASCUA-VIRGEN-DEL-CARMEN-valenciano.jpg\" class=\"attachment-full size-full wp-image-2625\" alt=\"\" srcset=\"https:\/\/afavirgendelcarmen.es\/wp-content\/uploads\/2023\/03\/CARTEL-E.PASCUA-VIRGEN-DEL-CARMEN-valenciano.jpg 800w, https:\/\/afavirgendelcarmen.es\/wp-content\/uploads\/2023\/03\/CARTEL-E.PASCUA-VIRGEN-DEL-CARMEN-valenciano-212x300.jpg 212w, https:\/\/afavirgendelcarmen.es\/wp-content\/uploads\/2023\/03\/CARTEL-E.PASCUA-VIRGEN-DEL-CARMEN-valenciano-724x1024.jpg 724w, https:\/\/afavirgendelcarmen.es\/wp-content\/uploads\/2023\/03\/CARTEL-E.PASCUA-VIRGEN-DEL-CARMEN-valenciano-768x1087.jpg 768w\" sizes=\"(max-width: 800px) 100vw, 800px\" \/>\t\t\t\t\t\t\t\t\t\t\t\t\t\t\t<\/div>\n\t\t\t\t<\/div>\n\t\t\t\t\t<\/div>\n\t\t<\/div>\n\t\t\t\t\t<\/div>\n\t\t<\/section>\n\t\t\t\t<section class=\"elementor-section elementor-top-section elementor-element elementor-element-544b8e2 elementor-section-boxed elementor-section-height-default elementor-section-height-default\" data-id=\"544b8e2\" data-element_type=\"section\" data-e-type=\"section\">\n\t\t\t\t\t\t<div class=\"elementor-container elementor-column-gap-default\">\n\t\t\t\t\t<div class=\"elementor-column elementor-col-100 elementor-top-column elementor-element elementor-element-02f1af4\" data-id=\"02f1af4\" data-element_type=\"column\" data-e-type=\"column\">\n\t\t\t<div class=\"elementor-widget-wrap elementor-element-populated\">\n\t\t\t\t\t\t<div class=\"elementor-element elementor-element-cbd944e elementor-widget elementor-widget-image\" data-id=\"cbd944e\" data-element_type=\"widget\" data-e-type=\"widget\" data-widget_type=\"image.default\">\n\t\t\t\t<div class=\"elementor-widget-container\">\n\t\t\t\t\t\t\t\t\t\t\t\t\t\t\t<img decoding=\"async\" width=\"768\" height=\"1024\" src=\"https:\/\/afavirgendelcarmen.es\/wp-content\/uploads\/2023\/02\/OLIVERA-ESCOLETA-NADAL-V1-768x1024.jpg\" class=\"attachment-large size-large wp-image-707\" alt=\"\" srcset=\"https:\/\/afavirgendelcarmen.es\/wp-content\/uploads\/2023\/02\/OLIVERA-ESCOLETA-NADAL-V1-768x1024.jpg 768w, https:\/\/afavirgendelcarmen.es\/wp-content\/uploads\/2023\/02\/OLIVERA-ESCOLETA-NADAL-V1-225x300.jpg 225w, https:\/\/afavirgendelcarmen.es\/wp-content\/uploads\/2023\/02\/OLIVERA-ESCOLETA-NADAL-V1-1152x1536.jpg 1152w, https:\/\/afavirgendelcarmen.es\/wp-content\/uploads\/2023\/02\/OLIVERA-ESCOLETA-NADAL-V1.jpg 1296w\" sizes=\"(max-width: 768px) 100vw, 768px\" \/>\t\t\t\t\t\t\t\t\t\t\t\t\t\t\t<\/div>\n\t\t\t\t<\/div>\n\t\t\t\t\t<\/div>\n\t\t<\/div>\n\t\t\t\t\t<\/div>\n\t\t<\/section>\n\t\t\t\t<\/div>\n\t\t","protected":false},"excerpt":{"rendered":"<p>L\u2019 Associaci\u00f3 de fam\u00edlies coordina i organitza la realitzaci\u00f3 d&#8217;escoles durant els per\u00edodes vacacionals per a ajudar a la conciliaci\u00f3 familiar.\u00a0<\/p>\n","protected":false},"author":1,"featured_media":0,"parent":2288,"menu_order":0,"comment_status":"closed","ping_status":"closed","template":"","meta":{"site-sidebar-layout":"no-sidebar","site-content-layout":"plain-container","ast-global-header-display":"","ast-main-header-display":"","ast-hfb-above-header-display":"","ast-hfb-below-header-display":"","ast-hfb-mobile-header-display":"","site-post-title":"disabled","ast-breadcrumbs-content":"","ast-featured-img":"disabled","footer-sml-layout":"","theme-transparent-header-meta":"default","adv-header-id-meta":"","stick-header-meta":"default","header-above-stick-meta":"","header-main-stick-meta":"","header-below-stick-meta":"","footnotes":""},"class_list":["post-2292","page","type-page","status-publish","hentry"],"_links":{"self":[{"href":"https:\/\/afavirgendelcarmen.es\/va\/wp-json\/wp\/v2\/pages\/2292","targetHints":{"allow":["GET"]}}],"collection":[{"href":"https:\/\/afavirgendelcarmen.es\/va\/wp-json\/wp\/v2\/pages"}],"about":[{"href":"https:\/\/afavirgendelcarmen.es\/va\/wp-json\/wp\/v2\/types\/page"}],"author":[{"embeddable":true,"href":"https:\/\/afavirgendelcarmen.es\/va\/wp-json\/wp\/v2\/users\/1"}],"replies":[{"embeddable":true,"href":"https:\/\/afavirgendelcarmen.es\/va\/wp-json\/wp\/v2\/comments?post=2292"}],"version-history":[{"count":3,"href":"https:\/\/afavirgendelcarmen.es\/va\/wp-json\/wp\/v2\/pages\/2292\/revisions"}],"predecessor-version":[{"id":2631,"href":"https:\/\/afavirgendelcarmen.es\/va\/wp-json\/wp\/v2\/pages\/2292\/revisions\/2631"}],"up":[{"embeddable":true,"href":"https:\/\/afavirgendelcarmen.es\/va\/wp-json\/wp\/v2\/pages\/2288"}],"wp:attachment":[{"href":"https:\/\/afavirgendelcarmen.es\/va\/wp-json\/wp\/v2\/media?parent=2292"}],"curies":[{"name":"wp","href":"https:\/\/api.w.org\/{rel}","templated":true}]}}